{"id":563,"date":"2023-03-22T11:48:23","date_gmt":"2023-03-22T10:48:23","guid":{"rendered":"http:\/\/eficonsulting.es\/?page_id=563"},"modified":"2025-12-18T16:48:07","modified_gmt":"2025-12-18T15:48:07","slug":"asesor-energetico-homologado","status":"publish","type":"page","link":"https:\/\/eficonsulting.es\/en\/asesor-energetico-homologado\/","title":{"rendered":"Asesor energ\u00e9tico Homologado por Fenage (M\u00e1laga)"},"content":{"rendered":"<h1 class=\"wp-block-heading has-text-align-center uag-hide-mob\">Energy consulting and Management Approved by Fenage (M\u00e1laga)<\/h1>\n\n\n\n<div class=\"wp-block-uagb-container uag-hide-mob uagb-block-7735bfa6 default uagb-is-root-container\">\n<div class=\"wp-block-uagb-container uagb-block-9352a9de\">\n<div class=\"wp-block-uagb-image aligncenter uagb-block-db0fdb64 wp-block-uagb-image--layout-default wp-block-uagb-image--effect-static wp-block-uagb-image--align-center\"><figure class=\"wp-block-uagb-image__figure\"><img decoding=\"async\" srcset=\"https:\/\/eficonsulting.es\/wp-content\/uploads\/CODIGO-CERTIFICADO-asesor-energetico-eficonsulting-833x1080.jpeg ,https:\/\/eficonsulting.es\/wp-content\/uploads\/CODIGO-CERTIFICADO-asesor-energetico-eficonsulting.jpeg 780w, https:\/\/eficonsulting.es\/wp-content\/uploads\/CODIGO-CERTIFICADO-asesor-energetico-eficonsulting.jpeg 360w\" sizes=\"auto, (max-width: 480px) 150px\" src=\"https:\/\/eficonsulting.es\/wp-content\/uploads\/CODIGO-CERTIFICADO-asesor-energetico-eficonsulting-833x1080.jpeg\" alt=\"\" class=\"uag-image-4595\" width=\"805\" height=\"1045\" title=\"CODIGO-CERTIFICADO asesor energetico eficonsulting\" loading=\"lazy\" role=\"img\"\/><\/figure><\/div>\n<\/div>\n\n\n\n<div class=\"wp-block-uagb-container uagb-block-16ad9690\">\n<h2 class=\"wp-block-heading\">What is an accredited energy consultant and manager?<\/h2>\n\n\n\n<p>FENAGE is the National Federation of Energy Management Companies, an organization that promotes <strong>energy efficiency in Spain.<\/strong>A certified and accredited energy consultant and manager by FENAGE is a professional who has received <strong>training<\/strong> <strong>specialized<\/strong> in energy management and has met the certification requirements of FENAGE.<\/p>\n\n\n\n<p>These professionals have the ability to <strong>help consumers <\/strong>of energy (from households, businesses, public institutions, etc.), <strong>to reduce their consumption<\/strong> and improve <strong>energy efficiency<\/strong> in their facilities.<\/p>\n<\/div>\n<\/div>\n\n\n\n<div data-aos= \"fade\" data-aos-duration=\"400\" data-aos-delay=\"0\" data-aos-easing=\"ease\" data-aos-once=\"true\" class=\"wp-block-uagb-container uag-hide-desktop uag-hide-tab uagb-block-9961e6cb default uagb-is-root-container\">\n<h2 class=\"wp-block-heading has-medium-font-size\">What is an accredited energy consultant and manager?<\/h2>\n\n\n<div class=\"wp-block-image\">\n<figure class=\"aligncenter size-full is-resized\"><img decoding=\"async\" width=\"847\" height=\"565\" src=\"https:\/\/eficonsulting.es\/wp-content\/uploads\/NUEVO.jpg\" alt=\"Hombre se\u00f1alando eficiencia energ\u00e9tica, con logos de Eficonsulting y Asesor Homologado Fenage.\" class=\"wp-image-2243\" style=\"width:533px;height:auto\" srcset=\"https:\/\/eficonsulting.es\/wp-content\/uploads\/NUEVO.jpg 847w, https:\/\/eficonsulting.es\/wp-content\/uploads\/NUEVO-600x400.jpg 600w, https:\/\/eficonsulting.es\/wp-content\/uploads\/NUEVO-768x512.jpg 768w\" sizes=\"(max-width: 847px) 100vw, 847px\" \/><\/figure>\n<\/div>\n\n\n<p>FENAGE is the National Federation of Energy Management Companies, an organization that promotes <strong>energy efficiency in Spain.<\/strong>A certified and accredited energy consultant and manager by FENAGE is a professional who has received <strong>training<\/strong> <strong>specialized<\/strong> in energy management and has met the certification requirements of FENAGE.<\/p>\n\n\n\n<p>These professionals have the ability to <strong>help consumers <\/strong>of energy (from households, businesses, public institutions, etc.), <strong>to reduce their consumption<\/strong> and improve <strong>energy efficiency<\/strong> in their facilities.<\/p>\n<\/div>\n\n\n\n<div data-aos= \"fade\" data-aos-duration=\"400\" data-aos-delay=\"0\" data-aos-easing=\"ease\" data-aos-once=\"true\" class=\"wp-block-uagb-container uag-hide-mob uagb-block-6e620410 default uagb-is-root-container\">\n<div class=\"wp-block-uagb-container uagb-block-4bd9df9f\"><div class=\"wp-block-image is-resized is-style-editorskit-rounded\">\n<figure class=\"aligncenter size-full\"><img decoding=\"async\" src=\"http:\/\/eficonsulting.es\/wp-content\/uploads\/Logo_FENAGE-2-259x300-1.png\" alt=\"Logotipo de FENAGE\" class=\"wp-image-2982\" style=\"width:393px;height:auto\"\/><\/figure>\n<\/div><\/div>\n\n\n\n<div class=\"wp-block-uagb-container uagb-block-29fd41e2\">\n<h2 class=\"wp-block-heading has-text-align-center uag-hide-mob\">FENAGE Accreditation Process:<\/h2>\n\n\n\n<p class=\"has-text-align-left\">For professionals dedicated to energy contracting advice (electricity and\/or gas) in any sector, size, or activity, with more than two years of verifiable experience and who are not directly employed by any energy supplier. It is a <strong>professional accreditation<\/strong> belonging to the <strong>National Federation of Energy Managers<\/strong>based on the knowledge and experience acquired, in order to differentiate the qualified activity and highlight professional training. The energy consultant <strong>FENAGE<\/strong> commits to complying with a strict professional code of conduct, combating unqualified intrusions, and denouncing the use of bad practices. An energy consultant certified by FENAGE must annually renew their commitment by updating their knowledge and experience. The certified consultant has an <strong>identifying seal<\/strong> that can be incorporated into their projects and professional profile. According to <strong>European Union regulations.<\/strong>. Click this<a href=\"https:\/\/www.fenage.com\/certificacion-oficial-de-gestor-energetico\/\" target=\"_blank\" rel=\"noreferrer noopener\">link<\/a> for more information!<\/p>\n<\/div>\n<\/div>\n\n\n\n<div style=\"height:28px\" aria-hidden=\"true\" class=\"wp-block-spacer uag-hide-desktop uag-hide-tab\"><\/div>\n\n\n\n<div data-aos= \"fade\" data-aos-duration=\"400\" data-aos-delay=\"0\" data-aos-easing=\"ease\" data-aos-once=\"true\" class=\"wp-block-uagb-container uag-hide-desktop uag-hide-tab uagb-block-4909c3c3 default uagb-is-root-container\">\n<h2 class=\"wp-block-heading\">FENAGE Accreditation Process:<\/h2>\n\n\n<div class=\"wp-block-image\">\n<figure class=\"aligncenter size-full is-resized\"><img decoding=\"async\" width=\"259\" height=\"300\" src=\"https:\/\/eficonsulting.es\/wp-content\/uploads\/Logo_FENAGE-2-259x300-1-1.png\" alt=\"Logo Fenage\" class=\"wp-image-3517\" style=\"width:145px;height:auto\"\/><\/figure>\n<\/div>\n\n\n<p>For professionals dedicated to energy contracting advice (electricity and\/or gas) in any sector, size, or activity, with more than two years of verifiable experience and who are not directly employed by any energy supplier. It is a <strong>professional accreditation<\/strong> belonging to the <strong>National Federation of Energy Managers<\/strong>based on the knowledge and experience acquired, in order to differentiate the qualified activity and highlight professional training. The energy consultant <strong>FENAGE<\/strong> commits to complying with a strict professional code of conduct, combating unqualified intrusions, and denouncing the use of bad practices. An energy consultant certified by FENAGE must annually renew their commitment by updating their knowledge and experience. The certified consultant has an <strong>identifying seal<\/strong> that can be incorporated into their projects and professional profile. According to <strong>European Union regulations.<\/strong>. Obt\u00e9n m\u00e1s informaci\u00f3n al tocar el bot\u00f3n<\/p>\n\n\n\n<div class=\"wp-block-uagb-buttons uagb-buttons__outer-wrap uagb-btn__default-btn uagb-btn-tablet__default-btn uagb-btn-mobile__default-btn uagb-block-18c4de83\"><div class=\"uagb-buttons__wrap uagb-buttons-layout-wrap\">\n<div class=\"wp-block-uagb-buttons-child uagb-buttons__outer-wrap uagb-block-280301f7 wp-block-button\"><div class=\"uagb-button__wrapper\"><a class=\"uagb-buttons-repeater wp-block-button__link\" aria-label=\"\" href=\"#https:\/\/www.fenage.com\/asesor-energetico-homologado\/\" rel=\"follow noopener\" target=\"_blank\" role=\"button\"><div class=\"uagb-button__link\">Saber m\u00e1s<\/div><\/a><\/div><\/div>\n<\/div><\/div>\n\n\n\n<div style=\"height:31px\" aria-hidden=\"true\" class=\"wp-block-spacer\"><\/div>\n<\/div>\n\n\n\n<div data-aos= \"fade\" data-aos-duration=\"400\" data-aos-delay=\"0\" data-aos-easing=\"ease\" data-aos-once=\"true\" class=\"wp-block-uagb-container uag-hide-mob uagb-block-088d33ba default uagb-is-root-container\">\n<div class=\"wp-block-uagb-container uagb-block-1659446c\">\n<figure class=\"wp-block-image size-full is-style-editorskit-rounded\"><img decoding=\"async\" width=\"1536\" height=\"1024\" src=\"https:\/\/eficonsulting.es\/wp-content\/uploads\/EFICONSULTING-CONTRA-FRAUDE-ASESORIA-Y-GESTORIA-ENERGETICA-MALAGA.png\" alt=\"\" class=\"wp-image-4593\" srcset=\"https:\/\/eficonsulting.es\/wp-content\/uploads\/EFICONSULTING-CONTRA-FRAUDE-ASESORIA-Y-GESTORIA-ENERGETICA-MALAGA.png 1536w, https:\/\/eficonsulting.es\/wp-content\/uploads\/EFICONSULTING-CONTRA-FRAUDE-ASESORIA-Y-GESTORIA-ENERGETICA-MALAGA-600x400.png 600w, https:\/\/eficonsulting.es\/wp-content\/uploads\/EFICONSULTING-CONTRA-FRAUDE-ASESORIA-Y-GESTORIA-ENERGETICA-MALAGA-768x512.png 768w, https:\/\/eficonsulting.es\/wp-content\/uploads\/EFICONSULTING-CONTRA-FRAUDE-ASESORIA-Y-GESTORIA-ENERGETICA-MALAGA-18x12.png 18w\" sizes=\"(max-width: 1536px) 100vw, 1536px\" \/><\/figure>\n<\/div>\n\n\n\n<div class=\"wp-block-uagb-container uagb-block-0b82871a\">\n<h3 class=\"wp-block-heading has-text-align-center\">\u00abFraude energ\u00e9tico\u00bb<\/h3>\n\n\n\n<p>\u201cEn Eficonsulting nos posicionamos de forma clara contra el <strong>\u00abFraude energ\u00e9tico\u00bb<\/strong>. Todas nuestras actuaciones se realizan bajo criterios de transparencia, legalidad y rigor profesional. Somos asesores y gestores energ\u00e9ticos certificados y homologados por FENAGE, lo que garantiza independencia, \u00e9tica profesional y cumplimiento normativo en cada gesti\u00f3n.\u201d<\/p>\n<\/div>\n<\/div>\n\n\n\n<div style=\"height:51px\" aria-hidden=\"true\" class=\"wp-block-spacer\"><\/div>\n\n\n\n<div data-aos= \"fade-left\" data-aos-duration=\"400\" data-aos-delay=\"0\" data-aos-easing=\"ease\" data-aos-once=\"true\" class=\"wp-block-uagb-image aligncenter uagb-block-2ee701d8 wp-block-uagb-image--layout-default wp-block-uagb-image--effect-zoomin wp-block-uagb-image--align-center caption-align-left\"><figure class=\"wp-block-uagb-image__figure\"><a href=\"https:\/\/eficonsulting.es\/wp-content\/uploads\/Diploma-FENAGE-1.jpg\" data-src=\"https:\/\/eficonsulting.es\/wp-content\/uploads\/Diploma-FENAGE-1.jpg\" data-thumb=\"http:\/\/eficonsulting.es\/wp-content\/uploads\/Diploma-FENAGE-1.jpg\" class=\"ml-lightbox-enabled\"><img decoding=\"async\"  sizes=\"auto, (max-width: 480px) 150px\" src=\"http:\/\/eficonsulting.es\/wp-content\/uploads\/Diploma-FENAGE-1.jpg\" alt=\"Diploma de acreditaci\u00f3n de asesor energ\u00e9tico por Fenage\" width=\"1241\" height=\"764\" title=\"\" loading=\"lazy\" role=\"img\"\/><\/a><\/figure><\/div>\n\n\n\n<div style=\"height:51px\" aria-hidden=\"true\" class=\"wp-block-spacer\"><\/div>\n\n\n\n<div data-aos= \"fade\" data-aos-duration=\"400\" data-aos-delay=\"0\" data-aos-easing=\"ease\" data-aos-once=\"true\" class=\"wp-block-uagb-image aligncenter uagb-block-96e5af18 wp-block-uagb-image--layout-default wp-block-uagb-image--effect-zoomin wp-block-uagb-image--align-center\"><figure class=\"wp-block-uagb-image__figure\"><img decoding=\"async\" srcset=\"https:\/\/eficonsulting.es\/wp-content\/uploads\/Logo-mano-fondo-transparente-1-1033x1080.png \" sizes=\"auto, (max-width: 480px) 150px\" src=\"https:\/\/eficonsulting.es\/wp-content\/uploads\/Logo-mano-fondo-transparente-1-1033x1080.png\" alt=\"\" class=\"uag-image-367\" width=\"288\" height=\"301\" title=\"\" loading=\"lazy\" role=\"img\"\/><\/figure><\/div>\n\n\n\n<div style=\"height:51px\" aria-hidden=\"true\" class=\"wp-block-spacer\"><\/div>","protected":false},"excerpt":{"rendered":"<p>Asesor\u00eda y gestor\u00eda energ\u00e9tica Homologada por Fenage (M\u00e1laga) \u00bfQue es un asesor y gestor energ\u00e9tico homologado? FENAGE es la Federaci\u00f3n Nacional de Asociaciones de Empresas de Gesti\u00f3n Energ\u00e9tica, una organizaci\u00f3n que promueve la eficiencia energ\u00e9tica en Espa\u00f1a. Un asesor y gestor energ\u00e9tico certificado y homologado por FENAGE es un profesional que ha recibido formaci\u00f3n especializada&#8230;<\/p>","protected":false},"author":1,"featured_media":165,"parent":0,"menu_order":0,"comment_status":"closed","ping_status":"closed","template":"","meta":{"_uag_custom_page_level_css":"","_kadence_starter_templates_imported_post":false,"_kad_post_transparent":"","_kad_post_title":"","_kad_post_layout":"","_kad_post_sidebar_id":"","_kad_post_content_style":"","_kad_post_vertical_padding":"","_kad_post_feature":"","_kad_post_feature_position":"","_kad_post_header":false,"_kad_post_footer":false,"_kad_post_classname":"","footnotes":""},"class_list":["post-563","page","type-page","status-publish","has-post-thumbnail","hentry"],"aioseo_notices":[],"_hostinger_reach_plugin_has_subscription_block":false,"_hostinger_reach_plugin_is_elementor":false,"uagb_featured_image_src":{"full":["https:\/\/eficonsulting.es\/wp-content\/uploads\/Diploma-FENAGE-1.jpg",900,636,false],"thumbnail":["https:\/\/eficonsulting.es\/wp-content\/uploads\/Diploma-FENAGE-1-150x150.jpg",150,150,true],"medium":["https:\/\/eficonsulting.es\/wp-content\/uploads\/Diploma-FENAGE-1-600x424.jpg",600,424,true],"medium_large":["https:\/\/eficonsulting.es\/wp-content\/uploads\/Diploma-FENAGE-1-768x543.jpg",768,543,true],"large":["https:\/\/eficonsulting.es\/wp-content\/uploads\/Diploma-FENAGE-1.jpg",900,636,false],"1536x1536":["https:\/\/eficonsulting.es\/wp-content\/uploads\/Diploma-FENAGE-1.jpg",900,636,false],"2048x2048":["https:\/\/eficonsulting.es\/wp-content\/uploads\/Diploma-FENAGE-1.jpg",900,636,false],"trp-custom-language-flag":["https:\/\/eficonsulting.es\/wp-content\/uploads\/Diploma-FENAGE-1.jpg",18,12,false],"woocommerce_thumbnail":["https:\/\/eficonsulting.es\/wp-content\/uploads\/Diploma-FENAGE-1-300x300.jpg",300,300,true],"woocommerce_single":["https:\/\/eficonsulting.es\/wp-content\/uploads\/Diploma-FENAGE-1-600x424.jpg",600,424,true],"woocommerce_gallery_thumbnail":["https:\/\/eficonsulting.es\/wp-content\/uploads\/Diploma-FENAGE-1-100x100.jpg",100,100,true]},"uagb_author_info":{"display_name":"Jos\u00e9 Mar\u00eda Lacomba","author_link":"https:\/\/eficonsulting.es\/en\/author\/desarrolladorlocal\/"},"uagb_comment_info":0,"uagb_excerpt":"Asesor\u00eda y gestor\u00eda energ\u00e9tica Homologada por Fenage (M\u00e1laga) \u00bfQue es un asesor y gestor energ\u00e9tico homologado? FENAGE es la Federaci\u00f3n Nacional de Asociaciones de Empresas de Gesti\u00f3n Energ\u00e9tica, una organizaci\u00f3n que promueve la eficiencia energ\u00e9tica en Espa\u00f1a. Un asesor y gestor energ\u00e9tico certificado y homologado por FENAGE es un profesional que ha recibido formaci\u00f3n especializada...","_links":{"self":[{"href":"https:\/\/eficonsulting.es\/en\/wp-json\/wp\/v2\/pages\/563","targetHints":{"allow":["GET"]}}],"collection":[{"href":"https:\/\/eficonsulting.es\/en\/wp-json\/wp\/v2\/pages"}],"about":[{"href":"https:\/\/eficonsulting.es\/en\/wp-json\/wp\/v2\/types\/page"}],"author":[{"embeddable":true,"href":"https:\/\/eficonsulting.es\/en\/wp-json\/wp\/v2\/users\/1"}],"replies":[{"embeddable":true,"href":"https:\/\/eficonsulting.es\/en\/wp-json\/wp\/v2\/comments?post=563"}],"version-history":[{"count":213,"href":"https:\/\/eficonsulting.es\/en\/wp-json\/wp\/v2\/pages\/563\/revisions"}],"predecessor-version":[{"id":4599,"href":"https:\/\/eficonsulting.es\/en\/wp-json\/wp\/v2\/pages\/563\/revisions\/4599"}],"wp:featuredmedia":[{"embeddable":true,"href":"https:\/\/eficonsulting.es\/en\/wp-json\/wp\/v2\/media\/165"}],"wp:attachment":[{"href":"https:\/\/eficonsulting.es\/en\/wp-json\/wp\/v2\/media?parent=563"}],"curies":[{"name":"wp","href":"https:\/\/api.w.org\/{rel}","templated":true}]}}