{"id":557,"date":"2023-03-22T11:39:25","date_gmt":"2023-03-22T10:39:25","guid":{"rendered":"http:\/\/eficonsulting.es\/?page_id=557"},"modified":"2023-12-19T11:00:10","modified_gmt":"2023-12-19T10:00:10","slug":"gestion-suministros-luz","status":"publish","type":"page","link":"https:\/\/eficonsulting.es\/en\/servicios\/asesoria-energetica\/gestion-suministros-luz\/","title":{"rendered":"Electricity Supply Management"},"content":{"rendered":"<h1 class=\"wp-block-heading has-text-align-center\">Electricity Supply Management <\/h1>\n\n\n\n<div class=\"wp-block-uagb-container uag-hide-mob uagb-block-2a371013 default uagb-is-root-container\">\n<div class=\"wp-block-uagb-container uagb-block-3431d710\">\n<figure class=\"wp-block-video\"><video height=\"1080\" style=\"aspect-ratio: 1080 \/ 1080;\" width=\"1080\" controls loop poster=\"https:\/\/eficonsulting.es\/wp-content\/uploads\/eficonsultingposter2.jpg\" src=\"https:\/\/eficonsulting.es\/wp-content\/uploads\/WhatsApp-Video-2023-04-25-at-16.55.57-bajoII.mp4\" playsinline><\/video><\/figure>\n<\/div>\n\n\n\n<div class=\"wp-block-uagb-container uag-hide-mob uagb-block-7de93071\">\n<h2 class=\"wp-block-heading has-text-align-left\">Electricity Supply Management: what it is and what it is for<\/h2>\n\n\n\n<p class=\"translation-block\">Managing your electricity supplies is the <strong>most important<\/strong> part of <strong>reducing your energy costs<\/strong>. Services such as evaluating supplier offers, conducting optimization studies, performing price analyses, and overseeing the implementation of the contract.<\/p>\n\n\n\n<p>Additionally, when receiving advice on electricity contracting, it is essential to have specialized experts. This will ensure success in the selection and contracting of electricity supply services, translating into economic and energy benefits for the contracting entity.<\/p>\n<\/div>\n<\/div>\n\n\n\n<div data-aos= \"fade\" data-aos-duration=\"400\" data-aos-delay=\"0\" data-aos-easing=\"ease\" data-aos-once=\"true\" class=\"wp-block-uagb-container uag-hide-desktop uag-hide-tab uagb-block-c08244be default uagb-is-root-container\">\n<h2 class=\"wp-block-heading has-medium-font-size\">Electricity Supply Management: what it is and what it is for<\/h2>\n\n\n<div class=\"wp-block-image\">\n<figure class=\"aligncenter size-full\"><img decoding=\"async\" width=\"640\" height=\"385\" src=\"https:\/\/eficonsulting.es\/wp-content\/uploads\/job-gbdc26fbba_640.jpg\" alt=\"Reuni\u00f3n en oficina, concepto de gesti\u00f3n de suministros de luz\" class=\"wp-image-243\" srcset=\"https:\/\/eficonsulting.es\/wp-content\/uploads\/job-gbdc26fbba_640.jpg 640w, https:\/\/eficonsulting.es\/wp-content\/uploads\/job-gbdc26fbba_640-600x361.jpg 600w\" sizes=\"(max-width: 640px) 100vw, 640px\" \/><\/figure>\n<\/div>\n\n\n<p>Gestionar tus suministros de luz es la parte <strong>m\u00e1s importante<\/strong> a la hora de <strong>reducir tus costes energ\u00e9ticos<\/strong>. Servicios como la evaluaci\u00f3n de ofertas de proveedores, la elaboraci\u00f3n de un estudio de optimizaciones, la realizaci\u00f3n de an\u00e1lisis de precios y la supervisi\u00f3n de la implementaci\u00f3n del contrato.<\/p>\n\n\n\n<p>Additionally, when receiving advice on electricity contracting, it is essential to have specialized experts. This will ensure success in the selection and contracting of electricity supply services, translating into economic and energy benefits for the contracting entity.<\/p>\n<\/div>\n\n\n\n<div style=\"height:42px\" aria-hidden=\"true\" class=\"wp-block-spacer\"><\/div>\n\n\n\n<div data-aos= \"fade\" data-aos-duration=\"400\" data-aos-delay=\"0\" data-aos-easing=\"ease\" data-aos-once=\"true\" class=\"wp-block-uagb-container uag-hide-mob uagb-block-5bb9b31a default uagb-is-root-container\">\n<div class=\"wp-block-uagb-container uagb-block-589d7c53\">\n<h3 class=\"wp-block-heading has-text-align-left\"><strong>We take care of everything for you at no cost.<\/strong><\/h3>\n\n\n\n<p style=\"line-height:2\">Switching supplier, changes of ownership, power changes, connection file, new supply registration, temporary supply, fixed price, indexed, Omie, Mibgas, etc.<\/p>\n<\/div>\n\n\n\n<div class=\"wp-block-uagb-container uagb-block-a471d475\">\n<div class=\"wp-block-uagb-image aligncenter uagb-block-c68f91a6 wp-block-uagb-image--layout-default wp-block-uagb-image--effect-static wp-block-uagb-image--align-center\"><figure class=\"wp-block-uagb-image__figure\"><img decoding=\"async\" srcset=\"https:\/\/eficonsulting.es\/wp-content\/uploads\/mariposa-1080x1080.jpg \" sizes=\"auto, (max-width: 480px) 150px\" src=\"https:\/\/eficonsulting.es\/wp-content\/uploads\/mariposa-1080x1080.jpg\" alt=\"Bombilla con flor dentro. Alegor\u00eda de gesti\u00f3n de suministros de luz\" class=\"uag-image-2268\" width=\"667\" height=\"667\" title=\"\" loading=\"lazy\"\/><\/figure><\/div>\n<\/div>\n<\/div>\n\n\n\n<div style=\"height:37px\" aria-hidden=\"true\" class=\"wp-block-spacer\"><\/div>\n\n\n\n<div data-aos= \"fade\" data-aos-duration=\"400\" data-aos-delay=\"0\" data-aos-easing=\"ease\" data-aos-once=\"true\" class=\"wp-block-uagb-container uag-hide-desktop uag-hide-tab uagb-block-19a493c7 default uagb-is-root-container\">\n<h3 class=\"wp-block-heading\"><strong>We take care of everything for you at no cost.<\/strong><\/h3>\n\n\n<div class=\"wp-block-image\">\n<figure class=\"aligncenter size-large is-resized\"><img decoding=\"async\" width=\"1080\" height=\"1080\" src=\"https:\/\/eficonsulting.es\/wp-content\/uploads\/mariposa-1080x1080.jpg\" alt=\"Bombilla con flor dentro. Alegor\u00eda de gesti\u00f3n de suministros de luz\" class=\"wp-image-2268\" style=\"width:376px;height:auto\" srcset=\"https:\/\/eficonsulting.es\/wp-content\/uploads\/mariposa-1080x1080.jpg 1080w, https:\/\/eficonsulting.es\/wp-content\/uploads\/mariposa-300x300.jpg 300w, https:\/\/eficonsulting.es\/wp-content\/uploads\/mariposa-100x100.jpg 100w, https:\/\/eficonsulting.es\/wp-content\/uploads\/mariposa-600x600.jpg 600w, https:\/\/eficonsulting.es\/wp-content\/uploads\/mariposa-150x150.jpg 150w, https:\/\/eficonsulting.es\/wp-content\/uploads\/mariposa-768x768.jpg 768w, https:\/\/eficonsulting.es\/wp-content\/uploads\/mariposa-1536x1536.jpg 1536w, https:\/\/eficonsulting.es\/wp-content\/uploads\/mariposa.jpg 2048w\" sizes=\"(max-width: 1080px) 100vw, 1080px\" \/><\/figure>\n<\/div>\n\n\n<p>Switching supplier, changes of ownership, power changes, connection file, new supply registration, temporary supply, fixed price, indexed, Omie, Mibgas, etc.<\/p>\n<\/div>\n\n\n\n<div style=\"height:37px\" aria-hidden=\"true\" class=\"wp-block-spacer\"><\/div>\n\n\n<div class=\"wp-block-image\">\n<figure class=\"aligncenter size-full is-resized\"><a href=\"https:\/\/eficonsulting.es\/en\/\"><img decoding=\"async\" width=\"486\" height=\"209\" src=\"https:\/\/eficonsulting.es\/wp-content\/uploads\/Logo.png\" alt=\"Logotipo de Eficonsulting\" class=\"wp-image-1450\" style=\"width:344px;height:auto\"\/><\/a><\/figure>\n<\/div>\n\n\n<div style=\"height:37px\" aria-hidden=\"true\" class=\"wp-block-spacer\"><\/div>","protected":false},"excerpt":{"rendered":"<p>Gesti\u00f3n de Suministros de Luz Gesti\u00f3n de Suministros de Luz qu\u00e9 es y para que sirve La gesti\u00f3n de tus suministros de luz es la parte m\u00e1s importante a la hora de reducir tus costes energ\u00e9ticos. Servicios como la evaluaci\u00f3n de ofertas de proveedores, la elaboraci\u00f3n de un estudio de optimizaciones, la realizaci\u00f3n de an\u00e1lisis&#8230;<\/p>","protected":false},"author":1,"featured_media":0,"parent":499,"menu_order":0,"comment_status":"closed","ping_status":"closed","template":"","meta":{"_uag_custom_page_level_css":"","_kadence_starter_templates_imported_post":false,"_kad_post_transparent":"","_kad_post_title":"","_kad_post_layout":"","_kad_post_sidebar_id":"","_kad_post_content_style":"","_kad_post_vertical_padding":"","_kad_post_feature":"","_kad_post_feature_position":"","_kad_post_header":false,"_kad_post_footer":false,"_kad_post_classname":"","footnotes":""},"class_list":["post-557","page","type-page","status-publish","hentry"],"aioseo_notices":[],"_hostinger_reach_plugin_has_subscription_block":false,"_hostinger_reach_plugin_is_elementor":false,"uagb_featured_image_src":{"full":false,"thumbnail":false,"medium":false,"medium_large":false,"large":false,"1536x1536":false,"2048x2048":false,"trp-custom-language-flag":false,"woocommerce_thumbnail":false,"woocommerce_single":false,"woocommerce_gallery_thumbnail":false},"uagb_author_info":{"display_name":"DesarrolladorLocal","author_link":"https:\/\/eficonsulting.es\/en\/author\/desarrolladorlocal\/"},"uagb_comment_info":0,"uagb_excerpt":"Gesti\u00f3n de Suministros de Luz Gesti\u00f3n de Suministros de Luz qu\u00e9 es y para que sirve La gesti\u00f3n de tus suministros de luz es la parte m\u00e1s importante a la hora de reducir tus costes energ\u00e9ticos. Servicios como la evaluaci\u00f3n de ofertas de proveedores, la elaboraci\u00f3n de un estudio de optimizaciones, la realizaci\u00f3n de an\u00e1lisis...","_links":{"self":[{"href":"https:\/\/eficonsulting.es\/en\/wp-json\/wp\/v2\/pages\/557","targetHints":{"allow":["GET"]}}],"collection":[{"href":"https:\/\/eficonsulting.es\/en\/wp-json\/wp\/v2\/pages"}],"about":[{"href":"https:\/\/eficonsulting.es\/en\/wp-json\/wp\/v2\/types\/page"}],"author":[{"embeddable":true,"href":"https:\/\/eficonsulting.es\/en\/wp-json\/wp\/v2\/users\/1"}],"replies":[{"embeddable":true,"href":"https:\/\/eficonsulting.es\/en\/wp-json\/wp\/v2\/comments?post=557"}],"version-history":[{"count":86,"href":"https:\/\/eficonsulting.es\/en\/wp-json\/wp\/v2\/pages\/557\/revisions"}],"predecessor-version":[{"id":4600,"href":"https:\/\/eficonsulting.es\/en\/wp-json\/wp\/v2\/pages\/557\/revisions\/4600"}],"up":[{"embeddable":true,"href":"https:\/\/eficonsulting.es\/en\/wp-json\/wp\/v2\/pages\/499"}],"wp:attachment":[{"href":"https:\/\/eficonsulting.es\/en\/wp-json\/wp\/v2\/media?parent=557"}],"curies":[{"name":"wp","href":"https:\/\/api.w.org\/{rel}","templated":true}]}}