{"id":519,"date":"2023-03-22T10:58:42","date_gmt":"2023-03-22T09:58:42","guid":{"rendered":"http:\/\/eficonsulting.es\/?page_id=519"},"modified":"2025-01-09T17:39:25","modified_gmt":"2025-01-09T16:39:25","slug":"ppas","status":"publish","type":"page","link":"https:\/\/eficonsulting.es\/en\/gestoria-energetica\/ppas\/","title":{"rendered":"PPAs(Power Purchase Agreements)"},"content":{"rendered":"<h1 class=\"wp-block-heading has-text-align-center\">PPAs<\/h1>\n\n\n\n<div class=\"wp-block-uagb-container uag-hide-mob uagb-block-3096a290 default uagb-is-root-container\">\n<div class=\"wp-block-uagb-container uagb-block-e628153a\">\n<h2 class=\"wp-block-heading has-text-align-center\">What is a PPA?<\/h2>\n\n\n\n<p class=\"translation-block\">A PPA (Power Purchase Agreement) is <strong>a long-term contract between an energy buying entity<\/strong>, such as a company or a government organization, <strong>and a renewable energy provider<\/strong>, such as a wind or solar farm. <strong>The goal of this agreement is to ensure the purchase of renewable energy at stable prices over a set period<\/strong>, to meet sustainability objectives and reduce carbon emissions. PPAs are an important instrument to encourage investment in renewable energy and accelerate the transition to a low-carbon economy.<\/p>\n<\/div>\n\n\n\n<div class=\"wp-block-uagb-container uagb-block-ffd0dee4\">\n<h3 class=\"wp-block-heading\"><strong>Some advantages of a PPA (Power Purchase Agreement) include<\/strong>:<\/h3>\n\n\n\n<ol class=\"wp-block-list\">\n<li class=\"translation-block\"><strong>Price stability<\/strong>: PPAs provide stability. Long-term renewable energy prices, helping the purchasing entity to confidently plan its long-term energy budget.<\/li>\n\n\n\n<li class=\"translation-block\"><strong>Cost reduction<\/strong>: Renewable energy providers can often offer competitive prices compared to fossil fuel suppliers, especially when considering environmental costs. PPAs allow buyers to reduce their total energy costs.<\/li>\n<\/ol>\n<\/div>\n<\/div>\n\n\n\n<div data-aos= \"fade\" data-aos-duration=\"400\" data-aos-delay=\"0\" data-aos-easing=\"ease\" data-aos-once=\"true\" class=\"wp-block-uagb-container uag-hide-mob uagb-block-7f9925c3 default uagb-is-root-container\">\n<div class=\"wp-block-uagb-container uagb-block-b32dc186\">\n<div class=\"wp-block-uagb-image uagb-block-d8107ea5 wp-block-uagb-image--layout-default wp-block-uagb-image--effect-static wp-block-uagb-image--align-none\"><figure class=\"wp-block-uagb-image__figure\"><img decoding=\"async\" srcset=\"https:\/\/eficonsulting.es\/wp-content\/uploads\/96303403_m-1920x800.jpg ,https:\/\/eficonsulting.es\/wp-content\/uploads\/96303403_m-scaled.jpg 780w, https:\/\/eficonsulting.es\/wp-content\/uploads\/96303403_m-scaled.jpg 360w\" sizes=\"auto, (max-width: 480px) 150px\" src=\"https:\/\/eficonsulting.es\/wp-content\/uploads\/96303403_m-1920x800.jpg\" alt=\"Distintas energ\u00edas renovables de organizaci\u00f3n gubernamental. Concepto de PPAs\" class=\"uag-image-1940\" width=\"826\" height=\"344\" title=\"\" loading=\"lazy\" role=\"img\"\/><\/figure><\/div>\n<\/div>\n\n\n\n<div class=\"wp-block-uagb-container uagb-block-1c3d1e44\">\n<ol start=\"3\" class=\"wp-block-list\">\n<li class=\"translation-block\"><strong>Reduction of greenhouse gas emissions<\/strong>: PPAs can help businesses and governments meet sustainability goals and reduce greenhouse gas emissions.<\/li>\n\n\n\n<li class=\"translation-block\"><strong>Community contribution<\/strong>: PPAs can be a way for companies to demonstrate their commitment to renewable energy and the environment. They can also have a positive impact on local economies by fostering investment and employment in renewable energy projects.<\/li>\n<\/ol>\n\n\n\n<p class=\"translation-block\">In general, PPAs are <strong>an effective and popular way to promote the transition to a more sustainable economy and reduce dependence on fossil fuels.<\/strong><\/p>\n\n\n\n<h5 class=\"wp-block-heading\"><strong>If you are interested, contact us without obligation.<\/strong><\/h5>\n\n\n\n<div class=\"wp-block-uagb-buttons uagb-buttons__outer-wrap uagb-btn__default-btn uagb-btn-tablet__default-btn uagb-btn-mobile__default-btn uagb-block-eb4317cc\"><div class=\"uagb-buttons__wrap uagb-buttons-layout-wrap\">\n<div class=\"wp-block-uagb-buttons-child uagb-buttons__outer-wrap uagb-block-ceef08f0 wp-block-button\"><div class=\"uagb-button__wrapper\"><a class=\"uagb-buttons-repeater wp-block-button__link\" aria-label=\"\" href=\"#https:\/\/eficonsulting.es\/contacto\/\" rel=\"follow noopener\" target=\"_self\" role=\"button\"><div class=\"uagb-button__link\">Contact Us<\/div><\/a><\/div><\/div>\n<\/div><\/div>\n<\/div>\n<\/div>\n\n\n\n<div data-aos= \"fade\" data-aos-duration=\"400\" data-aos-delay=\"0\" data-aos-easing=\"ease\" data-aos-once=\"true\" class=\"wp-block-uagb-container uag-hide-desktop uag-hide-tab uagb-block-21ee8b97 default uagb-is-root-container\">\n<h3 class=\"wp-block-heading\">What is a PPA?<\/h3>\n\n\n\n<p class=\"translation-block\">A PPA (Power Purchase Agreement) is <strong>a long-term contract between an energy buying entity<\/strong>, such as a company or a government organization, <strong>and a renewable energy provider<\/strong>, such as a wind or solar farm. <strong>The goal of this agreement is to ensure the purchase of renewable energy at stable prices over a set period<\/strong>, to meet sustainability objectives and reduce carbon emissions. PPAs are an important instrument to encourage investment in renewable energy and accelerate the transition to a low-carbon economy.<\/p>\n\n\n\n<div class=\"wp-block-uagb-image aligncenter uagb-block-b646f8a8 wp-block-uagb-image--layout-default wp-block-uagb-image--effect-static wp-block-uagb-image--align-center\"><figure class=\"wp-block-uagb-image__figure\"><img decoding=\"async\" srcset=\"https:\/\/eficonsulting.es\/wp-content\/uploads\/96303403_m-1920x800.jpg ,https:\/\/eficonsulting.es\/wp-content\/uploads\/96303403_m-scaled.jpg 780w, https:\/\/eficonsulting.es\/wp-content\/uploads\/96303403_m-scaled.jpg 360w\" sizes=\"auto, (max-width: 480px) 150px\" src=\"https:\/\/eficonsulting.es\/wp-content\/uploads\/96303403_m-1920x800.jpg\" alt=\"Imagen metaf\u00f3rica con paneles solares molinos de viento y torres de alta tensi\u00f3n.\" class=\"uag-image-1940\" width=\"577\" height=\"240\" title=\"\" loading=\"lazy\" role=\"img\"\/><\/figure><\/div>\n\n\n\n<h4 class=\"wp-block-heading\"><strong>Some advantages of a PPA (Power Purchase Agreement) include<\/strong>:<\/h4>\n\n\n\n<ol class=\"wp-block-list\">\n<li class=\"translation-block\"><strong>Price stability<\/strong>: PPAs provide stability. Long-term renewable energy prices, helping the purchasing entity to confidently plan its long-term energy budget.<\/li>\n\n\n\n<li class=\"translation-block\"><strong>Cost reduction<\/strong>: Renewable energy providers can often offer competitive prices compared to fossil fuel suppliers, especially when considering environmental costs. PPAs allow buyers to reduce their total energy costs.<\/li>\n\n\n\n<li class=\"translation-block\"><strong>Reduction of greenhouse gas emissions<\/strong>: PPAs can help businesses and governments meet sustainability goals and reduce greenhouse gas emissions.<\/li>\n\n\n\n<li class=\"translation-block\"><strong>Community contribution<\/strong>: PPAs can be a way for companies to demonstrate their commitment to renewable energy and the environment. They can also have a positive impact on local economies by fostering investment and employment in renewable energy projects.<\/li>\n<\/ol>\n\n\n\n<h5 class=\"wp-block-heading\">Contacta con nosotros para m\u00e1s informaci\u00f3n<\/h5>\n\n\n\n<p><strong>If you are interested, contact us without obligation.<\/strong><\/p>\n\n\n\n<div class=\"wp-block-uagb-buttons uagb-buttons__outer-wrap uagb-btn__default-btn uagb-btn-tablet__default-btn uagb-btn-mobile__default-btn uagb-block-adc535e0\"><div class=\"uagb-buttons__wrap uagb-buttons-layout-wrap\">\n<div class=\"wp-block-uagb-buttons-child uagb-buttons__outer-wrap uagb-block-0e6b781f wp-block-button\"><div class=\"uagb-button__wrapper\"><a class=\"uagb-buttons-repeater wp-block-button__link\" href=\"\/\/eficonsulting.es\/en\/contacto\/\" onclick=\"return true;\" rel=\"follow noopener\" target=\"_blank\"><div class=\"uagb-button__link\">Contact Us<\/div><\/a><\/div><\/div>\n<\/div><\/div>\n<\/div>\n\n\n\n<div style=\"height:34px\" aria-hidden=\"true\" class=\"wp-block-spacer\"><\/div>\n\n\n<div class=\"wp-block-image\">\n<figure class=\"aligncenter size-full is-resized\"><a href=\"https:\/\/eficonsulting.es\/en\/\"><img decoding=\"async\" width=\"486\" height=\"209\" src=\"https:\/\/eficonsulting.es\/wp-content\/uploads\/Logo.png\" alt=\"Logotipo de Eficonsulting\" class=\"wp-image-1450\" style=\"width:396px;height:auto\"\/><\/a><\/figure>\n<\/div>\n\n\n<div style=\"height:38px\" aria-hidden=\"true\" class=\"wp-block-spacer\"><\/div>","protected":false},"excerpt":{"rendered":"<p>PPAS \u00bfQu\u00e9 es una PPAS? Un PPA (Power Purchase Agreement) es un contrato a largo plazo entre una entidad compradora de energ\u00eda, como una empresa o una organizaci\u00f3n gubernamental, y un proveedor de energ\u00eda renovable, como un parque e\u00f3lico o solar. El objetivo de este acuerdo es asegurar la compra de energ\u00eda renovable a precios&#8230;<\/p>","protected":false},"author":1,"featured_media":0,"parent":1810,"menu_order":0,"comment_status":"closed","ping_status":"closed","template":"","meta":{"_uag_custom_page_level_css":"","_kadence_starter_templates_imported_post":false,"_kad_post_transparent":"","_kad_post_title":"","_kad_post_layout":"","_kad_post_sidebar_id":"","_kad_post_content_style":"","_kad_post_vertical_padding":"","_kad_post_feature":"","_kad_post_feature_position":"","_kad_post_header":false,"_kad_post_footer":false,"_kad_post_classname":"","footnotes":""},"class_list":["post-519","page","type-page","status-publish","hentry"],"aioseo_notices":[],"_hostinger_reach_plugin_has_subscription_block":false,"_hostinger_reach_plugin_is_elementor":false,"uagb_featured_image_src":{"full":false,"thumbnail":false,"medium":false,"medium_large":false,"large":false,"1536x1536":false,"2048x2048":false,"trp-custom-language-flag":false,"woocommerce_thumbnail":false,"woocommerce_single":false,"woocommerce_gallery_thumbnail":false},"uagb_author_info":{"display_name":"DesarrolladorLocal","author_link":"https:\/\/eficonsulting.es\/en\/author\/desarrolladorlocal\/"},"uagb_comment_info":0,"uagb_excerpt":"PPAS \u00bfQu\u00e9 es una PPAS? Un PPA (Power Purchase Agreement) es un contrato a largo plazo entre una entidad compradora de energ\u00eda, como una empresa o una organizaci\u00f3n gubernamental, y un proveedor de energ\u00eda renovable, como un parque e\u00f3lico o solar. El objetivo de este acuerdo es asegurar la compra de energ\u00eda renovable a precios...","_links":{"self":[{"href":"https:\/\/eficonsulting.es\/en\/wp-json\/wp\/v2\/pages\/519","targetHints":{"allow":["GET"]}}],"collection":[{"href":"https:\/\/eficonsulting.es\/en\/wp-json\/wp\/v2\/pages"}],"about":[{"href":"https:\/\/eficonsulting.es\/en\/wp-json\/wp\/v2\/types\/page"}],"author":[{"embeddable":true,"href":"https:\/\/eficonsulting.es\/en\/wp-json\/wp\/v2\/users\/1"}],"replies":[{"embeddable":true,"href":"https:\/\/eficonsulting.es\/en\/wp-json\/wp\/v2\/comments?post=519"}],"version-history":[{"count":29,"href":"https:\/\/eficonsulting.es\/en\/wp-json\/wp\/v2\/pages\/519\/revisions"}],"predecessor-version":[{"id":4225,"href":"https:\/\/eficonsulting.es\/en\/wp-json\/wp\/v2\/pages\/519\/revisions\/4225"}],"up":[{"embeddable":true,"href":"https:\/\/eficonsulting.es\/en\/wp-json\/wp\/v2\/pages\/1810"}],"wp:attachment":[{"href":"https:\/\/eficonsulting.es\/en\/wp-json\/wp\/v2\/media?parent=519"}],"curies":[{"name":"wp","href":"https:\/\/api.w.org\/{rel}","templated":true}]}}