{"id":517,"date":"2023-03-22T10:58:23","date_gmt":"2023-03-22T09:58:23","guid":{"rendered":"http:\/\/eficonsulting.es\/?page_id=517"},"modified":"2023-12-19T10:59:39","modified_gmt":"2023-12-19T09:59:39","slug":"convenios-y-colaboraciones","status":"publish","type":"page","link":"https:\/\/eficonsulting.es\/en\/servicios\/asesoria-energetica\/convenios-y-colaboraciones\/","title":{"rendered":"Partnerships and Collaborations"},"content":{"rendered":"<div class=\"wp-block-uagb-container uag-hide-mob uagb-block-78ef2642 default uagb-is-root-container\">\n<h1 class=\"wp-block-heading has-text-align-center\">Partnerships and Collaborations<\/h1>\n\n\n\n<h2 class=\"wp-block-heading\">Agreements and collaborations between Apymer and Eficonsulting for conducting energy studies for their members.                     <\/h2>\n\n\n<div class=\"wp-block-image\">\n<figure class=\"aligncenter size-full\"><img decoding=\"async\" width=\"1080\" height=\"566\" src=\"https:\/\/eficonsulting.es\/wp-content\/uploads\/PPAS.jpeg\" alt=\"Convenios y colaboraciones entre Apymer y Eficonsulting\" class=\"wp-image-2932\" srcset=\"https:\/\/eficonsulting.es\/wp-content\/uploads\/PPAS.jpeg 1080w, https:\/\/eficonsulting.es\/wp-content\/uploads\/PPAS-600x314.jpeg 600w, https:\/\/eficonsulting.es\/wp-content\/uploads\/PPAS-768x402.jpeg 768w\" sizes=\"(max-width: 1080px) 100vw, 1080px\" \/><\/figure>\n<\/div>\n\n\n<p>Agreements and collaborations between Apymer and Eficonsulting. This agreement aims to carry out free studies and advice for all members regarding the billing of energy supplies for gas and electricity, providing a real comparison with the market prices of the most important suppliers currently.<\/p>\n\n\n\n<h2 class=\"wp-block-heading has-text-align-center\">Explore more details by clicking the button or here. <a href=\"https:\/\/m.facebook.com\/story.php?story_fbid=2474243892709309&amp;id=617524738381243\" target=\"_blank\" rel=\"noreferrer noopener\">link<\/a><\/h2>\n\n\n\n<div class=\"wp-block-uagb-buttons uagb-buttons__outer-wrap uagb-btn__default-btn uagb-btn-tablet__default-btn uagb-btn-mobile__default-btn uagb-block-9890ec0e\"><div class=\"uagb-buttons__wrap uagb-buttons-layout-wrap\">\n<div class=\"wp-block-uagb-buttons-child uagb-buttons__outer-wrap uagb-block-5e007f00 wp-block-button\"><div class=\"uagb-button__wrapper\"><a class=\"uagb-buttons-repeater wp-block-button__link\" href=\"\/\/m.facebook.com\/story.php?story_fbid=2474243892709309&amp;id=617524738381243\" onclick=\"return true;\" rel=\"follow noopener\" target=\"_self\"><div class=\"uagb-button__link\">Learn More<\/div><\/a><\/div><\/div>\n<\/div><\/div>\n\n\n\n<div style=\"height:40px\" aria-hidden=\"true\" class=\"wp-block-spacer\"><\/div>\n<\/div>\n\n\n\n<div data-aos= \"fade\" data-aos-duration=\"400\" data-aos-delay=\"0\" data-aos-easing=\"ease\" data-aos-once=\"true\" class=\"wp-block-uagb-container uag-hide-desktop uag-hide-tab uagb-block-7c47abc6 default uagb-is-root-container\">\n<h3 class=\"wp-block-heading has-text-align-center\">Convenios <\/h3>\n\n\n\n<h4 class=\"wp-block-heading\">Convenio entre Apymer y Eficonsulting para la realizaci\u00f3n de estudio energ\u00e9tico a sus asociados.                     <\/h4>\n\n\n<div class=\"wp-block-image\">\n<figure class=\"aligncenter size-full\"><img decoding=\"async\" width=\"1080\" height=\"566\" src=\"https:\/\/eficonsulting.es\/wp-content\/uploads\/PPAS.jpeg\" alt=\"Colaboraciones entre Apymer y Eficonsulting\" class=\"wp-image-2932\" srcset=\"https:\/\/eficonsulting.es\/wp-content\/uploads\/PPAS.jpeg 1080w, https:\/\/eficonsulting.es\/wp-content\/uploads\/PPAS-600x314.jpeg 600w, https:\/\/eficonsulting.es\/wp-content\/uploads\/PPAS-768x402.jpeg 768w\" sizes=\"(max-width: 1080px) 100vw, 1080px\" \/><\/figure>\n<\/div>\n\n\n<p>Las colaboraciones entre <strong>Apymer y Eficonsulting<\/strong> tienen como objetivo principal <strong>realizar estudios y asesoramientos gratuitos a los asociados<\/strong>. Asimismo se centran en la facturaci\u00f3n del suministro energ\u00e9tico de gas y electricidad, incluyendo una comparativa con los precios de mercado de las principales comercializadoras.<\/p>\n\n\n\n<p>Por lo tanto, el presente convenio, formalizado entre la <strong>Asociaci\u00f3n de Peque\u00f1as y Medianas Empresas<\/strong> (Apymer) y la firma consultora <strong>Eficonsulting<\/strong>, establece un compromiso para brindar <strong>servicios \u00fatiles<\/strong>. Se busca llevar a cabo estudios exhaustivos y proporcionar asesoramientos gratuitos relacionados con la facturaci\u00f3n de suministro energ\u00e9tico.<\/p>\n\n\n\n<p>Al mismo tiempo en virtud de este acuerdo, se realizar\u00e1 una evaluaci\u00f3n detallada, permitiendo a los asociados obtener una visi\u00f3n clara y precisa de sus costos energ\u00e9ticos.<strong> Este proceso incluir\u00e1 una comparativa con los precios de mercado <\/strong>ofrecidos por las comercializadoras m\u00e1s destacadas en la actualidad. El prop\u00f3sito final es proporcionar a los asociados <strong>informaci\u00f3n valiosa para tomar decisiones<\/strong> informadas y optimizar sus gastos energ\u00e9ticos.<\/p>\n\n\n\n<p>A trav\u00e9s de esta colaboraci\u00f3n estrat\u00e9gica, <strong>Apymer y Eficonsulting buscan fortalecer la posici\u00f3n de las peque\u00f1as y medianas empresas en el \u00e1mbito energ\u00e9tico<\/strong>. El objetivo es promover la eficiencia y competitividad. Por lo tanto este convenio representa un paso<strong> <\/strong>significativo hacia<strong> el empoderamiento de nuestros asociados<\/strong>, ofreciendo herramientas concretas para gestionar de manera m\u00e1s efectiva sus recursos en un sector crucial como el energ\u00e9tico. Tambi\u00e9n nos comprometemos a seguir trabajando juntos para brindar <strong>soluciones integrales<\/strong> que impulsen el <strong>desarrollo sostenible<\/strong> y el <strong>\u00e9xito continuo<\/strong> de nuestras empresas asociadas<\/p>\n\n\n\n<h3 class=\"wp-block-heading has-text-align-center\">Explore more details by clicking the button or here. <a href=\"https:\/\/m.facebook.com\/story.php?story_fbid=2474243892709309&amp;id=617524738381243\" target=\"_blank\" rel=\"noreferrer noopener\">link<\/a><\/h3>\n\n\n\n<div class=\"wp-block-uagb-buttons uagb-buttons__outer-wrap uagb-btn__default-btn uagb-btn-tablet__default-btn uagb-btn-mobile__default-btn uagb-block-03e73992\"><div class=\"uagb-buttons__wrap uagb-buttons-layout-wrap\">\n<div class=\"wp-block-uagb-buttons-child uagb-buttons__outer-wrap uagb-block-e8e2610d wp-block-button\"><div class=\"uagb-button__wrapper\"><a class=\"uagb-buttons-repeater wp-block-button__link\" href=\"\/\/m.facebook.com\/story.php?story_fbid=2474243892709309&amp;id=617524738381243\" onclick=\"return true;\" rel=\"follow noopener\" target=\"_self\"><div class=\"uagb-button__link\">Learn More<\/div><\/a><\/div><\/div>\n<\/div><\/div>\n\n\n\n<div style=\"height:40px\" aria-hidden=\"true\" class=\"wp-block-spacer\"><\/div>\n<\/div>\n\n\n\n<div style=\"height:29px\" aria-hidden=\"true\" class=\"wp-block-spacer\"><\/div>\n\n\n\n<div data-aos= \"zoom-in-down\" data-aos-duration=\"400\" data-aos-delay=\"0\" data-aos-easing=\"ease\" data-aos-once=\"true\" class=\"wp-block-uagb-container uagb-block-265f748d default uagb-is-root-container\"><div class=\"wp-block-image\">\n<figure class=\"aligncenter size-full is-resized\"><a href=\"https:\/\/eficonsulting.es\/en\/\"><img decoding=\"async\" width=\"486\" height=\"209\" src=\"https:\/\/eficonsulting.es\/wp-content\/uploads\/Logo-1.png\" alt=\"\" class=\"wp-image-2463\" style=\"width:297px;height:auto\"\/><\/a><\/figure>\n<\/div><\/div>\n\n\n\n<div style=\"height:29px\" aria-hidden=\"true\" class=\"wp-block-spacer\"><\/div>","protected":false},"excerpt":{"rendered":"<p>Convenios y colaboraciones Convenios y colaboraciones entre Apymer y Eficonsulting para la realizaci\u00f3n de estudio energ\u00e9tico a sus asociados. Convenios y colaboraciones de Apymer y Eficonsulting. Dicho convenio tiene como finalidad realizar estudios y asesoramientos gratuitos a todos los asociados de la facturaci\u00f3n de suministro energ\u00e9tico de gas y electricidad realizando una comparativa real con&#8230;<\/p>","protected":false},"author":1,"featured_media":0,"parent":499,"menu_order":0,"comment_status":"closed","ping_status":"closed","template":"","meta":{"_uag_custom_page_level_css":"","_kadence_starter_templates_imported_post":false,"_kad_post_transparent":"","_kad_post_title":"","_kad_post_layout":"","_kad_post_sidebar_id":"","_kad_post_content_style":"","_kad_post_vertical_padding":"","_kad_post_feature":"","_kad_post_feature_position":"","_kad_post_header":false,"_kad_post_footer":false,"_kad_post_classname":"","footnotes":""},"class_list":["post-517","page","type-page","status-publish","hentry"],"aioseo_notices":[],"_hostinger_reach_plugin_has_subscription_block":false,"_hostinger_reach_plugin_is_elementor":false,"uagb_featured_image_src":{"full":false,"thumbnail":false,"medium":false,"medium_large":false,"large":false,"1536x1536":false,"2048x2048":false,"trp-custom-language-flag":false,"woocommerce_thumbnail":false,"woocommerce_single":false,"woocommerce_gallery_thumbnail":false},"uagb_author_info":{"display_name":"DesarrolladorLocal","author_link":"https:\/\/eficonsulting.es\/en\/author\/desarrolladorlocal\/"},"uagb_comment_info":0,"uagb_excerpt":"Convenios y colaboraciones Convenios y colaboraciones entre Apymer y Eficonsulting para la realizaci\u00f3n de estudio energ\u00e9tico a sus asociados. Convenios y colaboraciones de Apymer y Eficonsulting. Dicho convenio tiene como finalidad realizar estudios y asesoramientos gratuitos a todos los asociados de la facturaci\u00f3n de suministro energ\u00e9tico de gas y electricidad realizando una comparativa real con...","_links":{"self":[{"href":"https:\/\/eficonsulting.es\/en\/wp-json\/wp\/v2\/pages\/517","targetHints":{"allow":["GET"]}}],"collection":[{"href":"https:\/\/eficonsulting.es\/en\/wp-json\/wp\/v2\/pages"}],"about":[{"href":"https:\/\/eficonsulting.es\/en\/wp-json\/wp\/v2\/types\/page"}],"author":[{"embeddable":true,"href":"https:\/\/eficonsulting.es\/en\/wp-json\/wp\/v2\/users\/1"}],"replies":[{"embeddable":true,"href":"https:\/\/eficonsulting.es\/en\/wp-json\/wp\/v2\/comments?post=517"}],"version-history":[{"count":43,"href":"https:\/\/eficonsulting.es\/en\/wp-json\/wp\/v2\/pages\/517\/revisions"}],"predecessor-version":[{"id":3885,"href":"https:\/\/eficonsulting.es\/en\/wp-json\/wp\/v2\/pages\/517\/revisions\/3885"}],"up":[{"embeddable":true,"href":"https:\/\/eficonsulting.es\/en\/wp-json\/wp\/v2\/pages\/499"}],"wp:attachment":[{"href":"https:\/\/eficonsulting.es\/en\/wp-json\/wp\/v2\/media?parent=517"}],"curies":[{"name":"wp","href":"https:\/\/api.w.org\/{rel}","templated":true}]}}