{"id":513,"date":"2023-03-22T10:57:10","date_gmt":"2023-03-22T09:57:10","guid":{"rendered":"http:\/\/eficonsulting.es\/?page_id=513"},"modified":"2023-12-19T11:02:39","modified_gmt":"2023-12-19T10:02:39","slug":"renovables","status":"publish","type":"page","link":"https:\/\/eficonsulting.es\/en\/gestoria-energetica\/renovables\/","title":{"rendered":"Renewable Self-Consumption"},"content":{"rendered":"<h1 class=\"wp-block-heading has-text-align-center\">RENEWABLE SELF-CONSUMPTION<\/h1>\n\n\n\n<div class=\"wp-block-uagb-container uag-hide-mob uagb-block-fc5dfec6 default uagb-is-root-container\">\n<div class=\"wp-block-uagb-container uagb-block-d85d94c9\">\n<figure class=\"wp-block-video\"><video height=\"640\" style=\"aspect-ratio: 640 \/ 640;\" width=\"640\" controls loop poster=\"https:\/\/eficonsulting.es\/wp-content\/uploads\/eficonsultingposter.jpg\" src=\"https:\/\/eficonsulting.es\/wp-content\/uploads\/WhatsApp-Video-2023-04-25-at-16.55.58-bajo.mp4\" playsinline><\/video><\/figure>\n<\/div>\n\n\n\n<div class=\"wp-block-uagb-container uagb-block-42a31668\">\n<h2 class=\"wp-block-heading\">Self-consumption: renewables and renewable energies<\/h2>\n\n\n\n<p style=\"line-height:2\" class=\"translation-block\">Renewable self-consumption refers to the production and use of energy from renewable sources in your own home or business, with the aim of reducing dependence on polluting energy. This involves the installation of <strong>solar energy<\/strong> systems and other <strong>renewable energy<\/strong> sources on your premises, which allows you to <strong>generate electricity<\/strong> and <strong>reduce consumption<\/strong> from the country's power grid. Renewable self-consumption is a way to contribute to the <strong>sustainability of the planet<\/strong>, reduce CO2 emissions, and <strong>save<\/strong> in the long term. At <strong>Eficonsulting<\/strong>, we conduct studies for both <strong>solar panel<\/strong> installations and wind energy systems. <strong>Request a quote without commitment<\/strong>.<\/p>\n<\/div>\n<\/div>\n\n\n\n<div style=\"height:45px\" aria-hidden=\"true\" class=\"wp-block-spacer\"><\/div>\n\n\n\n<div class=\"wp-block-uagb-container uag-hide-desktop uag-hide-tab uagb-block-20bc4832 default uagb-is-root-container\">\n<h2 class=\"wp-block-heading\">Self-consumption: renewables and renewable energies<\/h2>\n\n\n<div class=\"wp-block-image\">\n<figure class=\"aligncenter size-full is-resized\"><img decoding=\"async\" width=\"635\" height=\"620\" src=\"https:\/\/eficonsulting.es\/wp-content\/uploads\/eficonsultingposter.jpg\" alt=\"\" class=\"wp-image-3187\" style=\"width:375px;height:auto\" srcset=\"https:\/\/eficonsulting.es\/wp-content\/uploads\/eficonsultingposter.jpg 635w, https:\/\/eficonsulting.es\/wp-content\/uploads\/eficonsultingposter-600x586.jpg 600w\" sizes=\"(max-width: 635px) 100vw, 635px\" \/><\/figure>\n<\/div>\n\n\n<p class=\"translation-block\">Renewable self-consumption refers to the production and use of energy from renewable sources in your own home or business, with the aim of reducing dependence on polluting energy. This involves the installation of <strong>solar energy<\/strong> systems and other <strong>renewable energy<\/strong> sources on your premises, which allows you to <strong>generate electricity<\/strong> and <strong>reduce consumption<\/strong> from the country's power grid. Renewable self-consumption is a way to contribute to the <strong>sustainability of the planet<\/strong>, reduce CO2 emissions, and <strong>save<\/strong> in the long term. At <strong>Eficonsulting<\/strong>, we conduct studies for both <strong>solar panel<\/strong> installations and wind energy systems. <strong>Request a quote without commitment<\/strong>.<\/p>\n<\/div>\n\n\n\n<div style=\"height:32px\" aria-hidden=\"true\" class=\"wp-block-spacer\"><\/div>\n\n\n\n<div data-aos= \"fade\" data-aos-duration=\"400\" data-aos-delay=\"0\" data-aos-easing=\"ease\" data-aos-once=\"true\" class=\"wp-block-uagb-container uag-hide-mob uagb-block-da26eaab default uagb-is-root-container\">\n<div class=\"wp-block-cover alignfull is-style-editorskit-rounded\" style=\"min-height:466px;aspect-ratio:unset;\"><span aria-hidden=\"true\" class=\"wp-block-cover__background has-background-dim\"><\/span><img decoding=\"async\" width=\"640\" height=\"360\" class=\"wp-block-cover__image-background wp-image-806\" alt=\"Dos personas se dan la mano con una gran ciudad de fondo\" src=\"http:\/\/eficonsulting.es\/wp-content\/uploads\/handshake-gd3cfa4609_640-1.jpg\" data-object-fit=\"cover\" srcset=\"https:\/\/eficonsulting.es\/wp-content\/uploads\/handshake-gd3cfa4609_640-1.jpg 640w, https:\/\/eficonsulting.es\/wp-content\/uploads\/handshake-gd3cfa4609_640-1-600x338.jpg 600w\" sizes=\"(max-width: 640px) 100vw, 640px\" \/><div class=\"wp-block-cover__inner-container is-layout-flow wp-block-cover-is-layout-flow\">\n<p class=\"has-text-align-center has-large-font-size\" style=\"line-height:2\">Our projects are turnkey, so you don\u2019t have to worry about anything, including the compensation contract.<\/p>\n<\/div><\/div>\n<\/div>\n\n\n\n<div style=\"height:32px\" aria-hidden=\"true\" class=\"wp-block-spacer\"><\/div>\n\n\n\n<div class=\"wp-block-uagb-container uag-hide-desktop uag-hide-tab uagb-block-e9bfe721 default uagb-is-root-container\">\n<div class=\"wp-block-cover aligncenter\"><span aria-hidden=\"true\" class=\"wp-block-cover__background has-background-dim\"><\/span><img decoding=\"async\" width=\"640\" height=\"360\" class=\"wp-block-cover__image-background wp-image-806\" alt=\"Dos personas se dan la mano con una gran ciudad de fondo\" src=\"https:\/\/eficonsulting.es\/wp-content\/uploads\/handshake-gd3cfa4609_640-1.jpg\" data-object-fit=\"cover\" srcset=\"https:\/\/eficonsulting.es\/wp-content\/uploads\/handshake-gd3cfa4609_640-1.jpg 640w, https:\/\/eficonsulting.es\/wp-content\/uploads\/handshake-gd3cfa4609_640-1-600x338.jpg 600w\" sizes=\"(max-width: 640px) 100vw, 640px\" \/><div class=\"wp-block-cover__inner-container is-layout-flow wp-block-cover-is-layout-flow\">\n<p class=\"has-text-align-center has-medium-font-size\">Our projects are turnkey, so you don\u2019t have to worry about anything, including the compensation contract.<\/p>\n<\/div><\/div>\n<\/div>\n\n\n\n<div data-aos= \"fade\" data-aos-duration=\"400\" data-aos-delay=\"0\" data-aos-easing=\"ease\" data-aos-once=\"true\" class=\"wp-block-uagb-container uag-hide-mob uagb-block-1f0e4be2 default uagb-is-root-container\">\n<div class=\"wp-block-uagb-container uagb-block-ae2b8cd0\">\n<h3 class=\"wp-block-heading\">Main activities<\/h3>\n\n\n\n<p>The main activities with social and environmental impact that can be developed under the umbrella of an energy community and managed by the energy manager are:<\/p>\n\n\n\n<ul class=\"has-theme-palette9-background-color has-theme-palette-9-background-color has-background wp-block-list\">\n<li class=\"translation-block\"><strong>Renewable energy<\/strong> generation: shared self-consumption and collective generation plants.<\/li>\n\n\n\n<li class=\"translation-block\"><strong>Energy supply<\/strong>: through the joint purchase of 100% renewable energy in the wholesale electricity market.<\/li>\n\n\n\n<li class=\"translation-block\"><strong>Energy exchange between individuals<\/strong> \"peer to peer\".<\/li>\n\n\n\n<li class=\"translation-block\"><strong>Energy aggregation<\/strong>: provides flexibility and grid balancing services to the system operator (REE) and distributors.<\/li>\n\n\n\n<li><strong><strong>Shared energy storage<\/strong><\/strong>.<\/li>\n\n\n\n<li class=\"translation-block\"><strong>Provision of energy efficiency services<\/strong>: so that neighbors, businesses, and the local industry pay only what is fair and necessary on their bills.<\/li>\n<\/ul>\n<\/div>\n\n\n\n<div class=\"wp-block-uagb-container uagb-block-77845218\">\n<figure class=\"wp-block-image size-large\"><img decoding=\"async\" width=\"1620\" height=\"1080\" src=\"http:\/\/eficonsulting.es\/wp-content\/uploads\/121107032_m-1620x1080.jpg\" alt=\"Hombre cuidando el planeta tierra. Concepto de Autoconsumo: renovables\" class=\"wp-image-1928\" srcset=\"https:\/\/eficonsulting.es\/wp-content\/uploads\/121107032_m-1620x1080.jpg 1620w, https:\/\/eficonsulting.es\/wp-content\/uploads\/121107032_m-600x400.jpg 600w, https:\/\/eficonsulting.es\/wp-content\/uploads\/121107032_m-768x512.jpg 768w, https:\/\/eficonsulting.es\/wp-content\/uploads\/121107032_m-1536x1024.jpg 1536w, https:\/\/eficonsulting.es\/wp-content\/uploads\/121107032_m-2048x1365.jpg 2048w\" sizes=\"(max-width: 1620px) 100vw, 1620px\" \/><\/figure>\n<\/div>\n<\/div>\n\n\n\n<div style=\"height:29px\" aria-hidden=\"true\" class=\"wp-block-spacer\"><\/div>\n\n\n\n<div class=\"wp-block-uagb-container uag-hide-desktop uag-hide-tab uagb-block-d3d33e09 default uagb-is-root-container\">\n<h3 class=\"wp-block-heading\">Main activities<\/h3>\n\n\n<div class=\"wp-block-image\">\n<figure class=\"aligncenter size-large is-resized\"><img decoding=\"async\" width=\"1620\" height=\"1080\" src=\"https:\/\/eficonsulting.es\/wp-content\/uploads\/121107032_m-1620x1080.jpg\" alt=\"Concepto ecol\u00f3gico de las emisiones de gases de efecto invernadero\" class=\"wp-image-1928\" style=\"width:524px;height:auto\" srcset=\"https:\/\/eficonsulting.es\/wp-content\/uploads\/121107032_m-1620x1080.jpg 1620w, https:\/\/eficonsulting.es\/wp-content\/uploads\/121107032_m-600x400.jpg 600w, https:\/\/eficonsulting.es\/wp-content\/uploads\/121107032_m-768x512.jpg 768w, https:\/\/eficonsulting.es\/wp-content\/uploads\/121107032_m-1536x1024.jpg 1536w, https:\/\/eficonsulting.es\/wp-content\/uploads\/121107032_m-2048x1365.jpg 2048w\" sizes=\"(max-width: 1620px) 100vw, 1620px\" \/><\/figure>\n<\/div>\n\n\n<p>The main activities with social and environmental impact that can be developed under the umbrella of an energy community and managed by the energy manager are:<\/p>\n\n\n\n<ul class=\"has-theme-palette9-background-color has-theme-palette-9-background-color has-background wp-block-list\">\n<li class=\"translation-block\"><strong>Renewable energy<\/strong> generation: shared self-consumption and collective generation plants.<\/li>\n\n\n\n<li class=\"translation-block\"><strong>Energy supply<\/strong>: through the joint purchase of 100% renewable energy in the wholesale electricity market.<\/li>\n\n\n\n<li class=\"translation-block\"><strong>Energy exchange between individuals<\/strong> \"peer to peer\".<\/li>\n\n\n\n<li class=\"translation-block\"><strong>Energy aggregation<\/strong>: provides flexibility and grid balancing services to the system operator (REE) and distributors.<\/li>\n\n\n\n<li><strong><strong>Shared energy storage<\/strong><\/strong>.<\/li>\n\n\n\n<li class=\"translation-block\"><strong>Provision of energy efficiency services<\/strong>: so that neighbors, businesses, and the local industry pay only what is fair and necessary on their bills.<\/li>\n<\/ul>\n<\/div>\n\n\n\n<div data-aos= \"fade\" data-aos-duration=\"400\" data-aos-delay=\"0\" data-aos-easing=\"ease\" data-aos-once=\"true\" class=\"wp-block-uagb-container uag-hide-mob uagb-block-18fdba70 alignwide uagb-is-root-container\">\n<div class=\"wp-block-uagb-container uagb-block-6ed447b9\"><div class=\"wp-block-image\">\n<figure class=\"aligncenter size-full\"><a href=\"https:\/\/eficonsulting.es\/en\/\"><img decoding=\"async\" width=\"486\" height=\"209\" src=\"http:\/\/eficonsulting.es\/wp-content\/uploads\/Logo.png\" alt=\"\" class=\"wp-image-1450\"\/><\/a><\/figure>\n<\/div><\/div>\n\n\n\n<div class=\"wp-block-uagb-container uagb-block-5849edb8\">\n<div class=\"wp-block-cover is-light\" style=\"min-height:544px;aspect-ratio:unset;\"><span aria-hidden=\"true\" class=\"wp-block-cover__background has-background-dim-30 has-background-dim\"><\/span><img decoding=\"async\" width=\"640\" height=\"407\" class=\"wp-block-cover__image-background wp-image-856\" alt=\"Flores y \u00e1rbol. Alegor\u00eda del autoconsumo: renovables\" src=\"http:\/\/eficonsulting.es\/wp-content\/uploads\/flowers-gf5257e62d_640.jpg\" data-object-fit=\"cover\" srcset=\"https:\/\/eficonsulting.es\/wp-content\/uploads\/flowers-gf5257e62d_640.jpg 640w, https:\/\/eficonsulting.es\/wp-content\/uploads\/flowers-gf5257e62d_640-600x382.jpg 600w\" sizes=\"(max-width: 640px) 100vw, 640px\" \/><div class=\"wp-block-cover__inner-container is-layout-flow wp-block-cover-is-layout-flow\">\n<p class=\"has-text-align-center has-theme-palette-9-color has-text-color has-large-font-size\">At Eficonsulting, we care about sustainable consumption.<\/p>\n<\/div><\/div>\n<\/div>\n<\/div>\n\n\n\n<div style=\"height:33px\" aria-hidden=\"true\" class=\"wp-block-spacer\"><\/div>\n\n\n\n<div class=\"wp-block-uagb-container uag-hide-desktop uag-hide-tab uagb-block-9ec4c80e default uagb-is-root-container\">\n<div class=\"wp-block-uagb-container uagb-block-ff6c7906\">\n<div class=\"wp-block-cover is-light\" style=\"min-height:320px;aspect-ratio:unset;\"><span aria-hidden=\"true\" class=\"wp-block-cover__background has-background-dim-30 has-background-dim\"><\/span><img decoding=\"async\" width=\"640\" height=\"407\" class=\"wp-block-cover__image-background wp-image-856\" alt=\"Flores y \u00e1rbol. Alegor\u00eda del autoconsumo: renovables\" src=\"http:\/\/eficonsulting.es\/wp-content\/uploads\/flowers-gf5257e62d_640.jpg\" data-object-fit=\"cover\" srcset=\"https:\/\/eficonsulting.es\/wp-content\/uploads\/flowers-gf5257e62d_640.jpg 640w, https:\/\/eficonsulting.es\/wp-content\/uploads\/flowers-gf5257e62d_640-600x382.jpg 600w\" sizes=\"(max-width: 640px) 100vw, 640px\" \/><div class=\"wp-block-cover__inner-container is-layout-flow wp-block-cover-is-layout-flow\">\n<p class=\"has-text-align-center has-theme-palette-9-color has-text-color has-medium-font-size\">At Eficonsulting, we care about sustainable consumption.<\/p>\n<\/div><\/div>\n<\/div>\n<\/div>\n\n\n<div class=\"wp-block-image\">\n<figure class=\"aligncenter size-full is-resized uag-hide-desktop uag-hide-tab\"><a href=\"https:\/\/eficonsulting.es\/en\/\"><img decoding=\"async\" width=\"486\" height=\"209\" src=\"https:\/\/eficonsulting.es\/wp-content\/uploads\/Logo.png\" alt=\"Logotipo de Eficonsulting\" class=\"wp-image-1450\" style=\"width:426px;height:auto\"\/><\/a><\/figure>\n<\/div>\n\n\n<div style=\"height:29px\" aria-hidden=\"true\" class=\"wp-block-spacer\"><\/div>","protected":false},"excerpt":{"rendered":"<p>AUTOCONSUMO RENOVABLES Autoconsumo: renovables y energ\u00edas renovables El autoconsumo renovable se refiere a la producci\u00f3n y uso de energ\u00eda a partir de fuentes renovables en el propio hogar o empresa, con el objetivo de reducir la dependencia de energ\u00edas contaminantes. Esto implica la instalaci\u00f3n de sistemas de energ\u00eda solar y otras energ\u00edas renovables en el&#8230;<\/p>","protected":false},"author":1,"featured_media":0,"parent":1810,"menu_order":0,"comment_status":"closed","ping_status":"closed","template":"","meta":{"_uag_custom_page_level_css":"","_kadence_starter_templates_imported_post":false,"_kad_post_transparent":"","_kad_post_title":"","_kad_post_layout":"","_kad_post_sidebar_id":"","_kad_post_content_style":"","_kad_post_vertical_padding":"","_kad_post_feature":"","_kad_post_feature_position":"","_kad_post_header":false,"_kad_post_footer":false,"_kad_post_classname":"","footnotes":""},"class_list":["post-513","page","type-page","status-publish","hentry"],"aioseo_notices":[],"_hostinger_reach_plugin_has_subscription_block":false,"_hostinger_reach_plugin_is_elementor":false,"uagb_featured_image_src":{"full":false,"thumbnail":false,"medium":false,"medium_large":false,"large":false,"1536x1536":false,"2048x2048":false,"trp-custom-language-flag":false,"woocommerce_thumbnail":false,"woocommerce_single":false,"woocommerce_gallery_thumbnail":false},"uagb_author_info":{"display_name":"DesarrolladorLocal","author_link":"https:\/\/eficonsulting.es\/en\/author\/desarrolladorlocal\/"},"uagb_comment_info":0,"uagb_excerpt":"AUTOCONSUMO RENOVABLES Autoconsumo: renovables y energ\u00edas renovables El autoconsumo renovable se refiere a la producci\u00f3n y uso de energ\u00eda a partir de fuentes renovables en el propio hogar o empresa, con el objetivo de reducir la dependencia de energ\u00edas contaminantes. Esto implica la instalaci\u00f3n de sistemas de energ\u00eda solar y otras energ\u00edas renovables en el...","_links":{"self":[{"href":"https:\/\/eficonsulting.es\/en\/wp-json\/wp\/v2\/pages\/513","targetHints":{"allow":["GET"]}}],"collection":[{"href":"https:\/\/eficonsulting.es\/en\/wp-json\/wp\/v2\/pages"}],"about":[{"href":"https:\/\/eficonsulting.es\/en\/wp-json\/wp\/v2\/types\/page"}],"author":[{"embeddable":true,"href":"https:\/\/eficonsulting.es\/en\/wp-json\/wp\/v2\/users\/1"}],"replies":[{"embeddable":true,"href":"https:\/\/eficonsulting.es\/en\/wp-json\/wp\/v2\/comments?post=513"}],"version-history":[{"count":95,"href":"https:\/\/eficonsulting.es\/en\/wp-json\/wp\/v2\/pages\/513\/revisions"}],"predecessor-version":[{"id":3970,"href":"https:\/\/eficonsulting.es\/en\/wp-json\/wp\/v2\/pages\/513\/revisions\/3970"}],"up":[{"embeddable":true,"href":"https:\/\/eficonsulting.es\/en\/wp-json\/wp\/v2\/pages\/1810"}],"wp:attachment":[{"href":"https:\/\/eficonsulting.es\/en\/wp-json\/wp\/v2\/media?parent=513"}],"curies":[{"name":"wp","href":"https:\/\/api.w.org\/{rel}","templated":true}]}}