{"id":507,"date":"2023-03-22T10:55:08","date_gmt":"2023-03-22T09:55:08","guid":{"rendered":"http:\/\/eficonsulting.es\/?page_id=507"},"modified":"2025-01-09T13:35:54","modified_gmt":"2025-01-09T12:35:54","slug":"iluminacion-led","status":"publish","type":"page","link":"https:\/\/eficonsulting.es\/en\/gestoria-energetica\/iluminacion-led\/","title":{"rendered":"LED Lighting"},"content":{"rendered":"<h2 class=\"wp-block-heading has-text-align-center\">LED Lighting<\/h2>\n\n\n\n<div style=\"height:33px\" aria-hidden=\"true\" class=\"wp-block-spacer\"><\/div>\n\n\n\n<div class=\"wp-block-uagb-container uag-hide-mob uagb-block-ea3a4241 default uagb-is-root-container\">\n<div class=\"wp-block-uagb-container uagb-block-4c537d1c\">\n<h2 class=\"wp-block-heading\">Reduce your energy bill with the best LED lighting.<\/h2>\n\n\n\n<p class=\"translation-block\">We offer <strong>LED lighting services for homes and businesses<\/strong>. We know that lighting is an important aspect in any space, but it can also represent <strong>a significant burden on energy costs<\/strong>. That's why we provide a team of experts to help you reduce your energy costs and improve the energy efficiency of your home or business.<br>LED lighting systems are an effective solution to reduce energy costs, improve lighting quality, and consume up to 80% less energy than traditional lighting systems, which translates into a <strong>significant reduction in energy bills<\/strong>.<\/p>\n<\/div>\n\n\n\n<div class=\"wp-block-uagb-container uagb-block-ac7097bd\"><div class=\"wp-block-image\">\n<figure class=\"aligncenter size-full has-custom-border\" style=\"margin-right:var(--wp--preset--spacing--40);margin-left:0\"><a href=\"https:\/\/eficonsulting.es\/wp-content\/uploads\/DEDO-ENERGIA.jpg\" data-src=\"https:\/\/eficonsulting.es\/wp-content\/uploads\/DEDO-ENERGIA.jpg\" data-thumb=\"http:\/\/eficonsulting.es\/wp-content\/uploads\/DEDO-ENERGIA.jpg\" class=\"ml-lightbox-enabled\"><img decoding=\"async\" width=\"795\" height=\"602\" src=\"http:\/\/eficonsulting.es\/wp-content\/uploads\/DEDO-ENERGIA.jpg\" alt=\"Una mano se\u00f1alando un dispositivo de iluminaci\u00f3n LED\" class=\"wp-image-1917\" style=\"border-radius:17px\" srcset=\"https:\/\/eficonsulting.es\/wp-content\/uploads\/DEDO-ENERGIA.jpg 795w, https:\/\/eficonsulting.es\/wp-content\/uploads\/DEDO-ENERGIA-600x454.jpg 600w, https:\/\/eficonsulting.es\/wp-content\/uploads\/DEDO-ENERGIA-768x582.jpg 768w\" sizes=\"(max-width: 795px) 100vw, 795px\" \/><\/a><\/figure>\n<\/div><\/div>\n<\/div>\n\n\n\n<div data-aos= \"fade\" data-aos-duration=\"400\" data-aos-delay=\"0\" data-aos-easing=\"ease\" data-aos-once=\"true\" class=\"wp-block-uagb-container uag-hide-desktop uag-hide-tab uagb-block-878cf293 default uagb-is-root-container\">\n<h2 class=\"wp-block-heading has-small-font-size\">Reduce your energy bill with the best LED lighting.<\/h2>\n\n\n\n<div class=\"wp-block-uagb-image aligncenter uagb-block-fb410552 wp-block-uagb-image--layout-default wp-block-uagb-image--effect-static wp-block-uagb-image--align-center\"><figure class=\"wp-block-uagb-image__figure\"><img decoding=\"async\" srcset=\"https:\/\/eficonsulting.es\/wp-content\/uploads\/DEDO-ENERGIA.jpg ,https:\/\/eficonsulting.es\/wp-content\/uploads\/DEDO-ENERGIA.jpg 780w, https:\/\/eficonsulting.es\/wp-content\/uploads\/DEDO-ENERGIA.jpg 360w\" sizes=\"auto, (max-width: 480px) 150px\" src=\"https:\/\/eficonsulting.es\/wp-content\/uploads\/DEDO-ENERGIA.jpg\" alt=\"Mano se\u00f1alando a un icono de encendido iluminado con los logotipos de Eficonsulting y de asesor energ\u00e9tico homologado FENAGE\" class=\"uag-image-1917\" width=\"384\" height=\"291\" title=\"\" loading=\"lazy\" role=\"img\"\/><\/figure><\/div>\n\n\n\n<p class=\"translation-block\">We offer <strong>LED lighting services for homes and businesses<\/strong>. We know that lighting is an important aspect in any space, but it can also represent <strong>a significant burden on energy costs<\/strong>. That's why we provide a team of experts to help you reduce your energy costs and improve the energy efficiency of your home or business.<br>LED lighting systems are an effective solution to reduce energy costs, improve lighting quality, and consume up to 80% less energy than traditional lighting systems, which translates into a <strong>significant reduction in energy bills<\/strong>.<\/p>\n<\/div>\n\n\n\n<div style=\"height:33px\" aria-hidden=\"true\" class=\"wp-block-spacer\"><\/div>\n\n\n\n<div data-aos= \"fade\" data-aos-duration=\"400\" data-aos-delay=\"0\" data-aos-easing=\"ease\" data-aos-once=\"true\" class=\"wp-block-uagb-container uag-hide-mob uagb-block-0e4dee77 default uagb-is-root-container\">\n<div data-aos= \"fade-right\" data-aos-duration=\"400\" data-aos-delay=\"0\" data-aos-easing=\"ease\" data-aos-once=\"true\" class=\"wp-block-uagb-container uagb-block-16a7ecde\">\n<figure class=\"wp-block-image size-full has-custom-border\" style=\"margin-right:var(--wp--preset--spacing--40);margin-left:0\"><a href=\"https:\/\/eficonsulting.es\/wp-content\/uploads\/Bombillasostenible.png\" data-src=\"https:\/\/eficonsulting.es\/wp-content\/uploads\/Bombillasostenible.png\" data-thumb=\"http:\/\/eficonsulting.es\/wp-content\/uploads\/Bombillasostenible.png\" class=\"ml-lightbox-enabled\"><img decoding=\"async\" width=\"708\" height=\"718\" src=\"http:\/\/eficonsulting.es\/wp-content\/uploads\/Bombillasostenible.png\" alt=\"\" class=\"wp-image-1480\" style=\"border-style:none;border-width:0px;border-radius:17px\" srcset=\"https:\/\/eficonsulting.es\/wp-content\/uploads\/Bombillasostenible.png 708w, https:\/\/eficonsulting.es\/wp-content\/uploads\/Bombillasostenible-100x100.png 100w, https:\/\/eficonsulting.es\/wp-content\/uploads\/Bombillasostenible-600x608.png 600w, https:\/\/eficonsulting.es\/wp-content\/uploads\/Bombillasostenible-592x600.png 592w\" sizes=\"(max-width: 708px) 100vw, 708px\" \/><\/a><\/figure>\n<\/div>\n\n\n\n<div class=\"wp-block-uagb-container uagb-block-3f3f35ea\">\n<h3 class=\"wp-block-heading\"><strong>Processing of aids and subsidies<\/strong><\/h3>\n\n\n\n<p class=\"translation-block\">We take care of analyzing your lighting needs and designing a <strong>customized plan for your home or business<\/strong>. We offer a wide range of options, from lighting systems for interiors, exteriors, and facades.<br>In addition, we help you with the necessary paperwork to obtain the <strong>subsidies and grants available for installation<\/strong>.<br>Don\u2019t wait any longer and contact us to receive the best service. We guarantee <strong>significant savings on your energy costs and quality lighting<\/strong> for your home or business!<\/p>\n\n\n\n<div class=\"wp-block-uagb-buttons uagb-buttons__outer-wrap uagb-btn__default-btn uagb-btn-tablet__default-btn uagb-btn-mobile__default-btn uagb-block-adc535e0\"><div class=\"uagb-buttons__wrap uagb-buttons-layout-wrap\">\n<div class=\"wp-block-uagb-buttons-child uagb-buttons__outer-wrap uagb-block-0e6b781f wp-block-button\"><div class=\"uagb-button__wrapper\"><a class=\"uagb-buttons-repeater wp-block-button__link\" href=\"\/\/eficonsulting.es\/en\/contacto\/\" onclick=\"return true;\" rel=\"follow noopener\" target=\"_blank\"><div class=\"uagb-button__link\">Contact Us<\/div><\/a><\/div><\/div>\n<\/div><\/div>\n<\/div>\n<\/div>\n\n\n\n<div style=\"height:33px\" aria-hidden=\"true\" class=\"wp-block-spacer\"><\/div>\n\n\n\n<div data-aos= \"fade\" data-aos-duration=\"400\" data-aos-delay=\"0\" data-aos-easing=\"ease\" data-aos-once=\"true\" class=\"wp-block-uagb-container uag-hide-desktop uag-hide-tab uagb-block-3869e963 default uagb-is-root-container\">\n<h3 class=\"wp-block-heading\"><strong>Processing of aids and subsidies<\/strong><\/h3>\n\n\n\n<div class=\"wp-block-uagb-image aligncenter uagb-block-3ae8d48d wp-block-uagb-image--layout-default wp-block-uagb-image--effect-static wp-block-uagb-image--align-center\"><figure class=\"wp-block-uagb-image__figure\"><img decoding=\"async\" srcset=\"https:\/\/eficonsulting.es\/wp-content\/uploads\/Bombillasostenible.png ,https:\/\/eficonsulting.es\/wp-content\/uploads\/Bombillasostenible.png 780w, https:\/\/eficonsulting.es\/wp-content\/uploads\/Bombillasostenible.png 360w\" sizes=\"auto, (max-width: 480px) 150px\" src=\"https:\/\/eficonsulting.es\/wp-content\/uploads\/Bombillasostenible.png\" alt=\"Bombilla con un \u00e1rbol dentro en el atardecer, alegor\u00eda de sostenibilidad energ\u00e9tica\" class=\"uag-image-1480\" width=\"288\" height=\"292\" title=\"\" loading=\"lazy\" role=\"img\"\/><\/figure><\/div>\n\n\n\n<p class=\"translation-block\">We take care of analyzing your lighting needs and designing a <strong>customized plan for your home or business<\/strong>. We offer a wide range of options, from lighting systems for interiors, exteriors, and facades.<br>In addition, we help you with the necessary paperwork to obtain the <strong>subsidies and grants available for installation<\/strong>.<br>Don\u2019t wait any longer and contact us to receive the best service. We guarantee <strong>significant savings on your energy costs and quality lighting<\/strong> for your home or business!<\/p>\n\n\n\n<div class=\"wp-block-uagb-buttons uagb-buttons__outer-wrap uagb-btn__default-btn uagb-btn-tablet__default-btn uagb-btn-mobile__default-btn uagb-block-95fd1ea5\"><div class=\"uagb-buttons__wrap uagb-buttons-layout-wrap\">\n<div class=\"wp-block-uagb-buttons-child uagb-buttons__outer-wrap uagb-block-7ab606e7 wp-block-button\"><div class=\"uagb-button__wrapper\"><a class=\"uagb-buttons-repeater wp-block-button__link\" aria-label=\"\" href=\"#https:\/\/eficonsulting.es\/contacto\/\" rel=\"follow noopener\" target=\"_self\" role=\"button\"><div class=\"uagb-button__link\">Contact Us<\/div><\/a><\/div><\/div>\n<\/div><\/div>\n<\/div>\n\n\n\n<div style=\"height:33px\" aria-hidden=\"true\" class=\"wp-block-spacer\"><\/div>","protected":false},"excerpt":{"rendered":"<p>Iluminaci\u00f3n LED Reduce tu factura de energ\u00eda con la mejor iluminaci\u00f3n LED Ofrecemos servicios de iluminaci\u00f3n LED para hogares y empresas. Sabemos que la iluminaci\u00f3n es un aspecto importante en cualquier espacio, pero tambi\u00e9n puede representar una carga significativa en los costos energ\u00e9ticos. Por eso, ponemos a tu disposici\u00f3n a un equipo de expertos que&#8230;<\/p>","protected":false},"author":1,"featured_media":0,"parent":1810,"menu_order":0,"comment_status":"closed","ping_status":"closed","template":"","meta":{"_uag_custom_page_level_css":"","_kadence_starter_templates_imported_post":false,"_kad_post_transparent":"","_kad_post_title":"","_kad_post_layout":"","_kad_post_sidebar_id":"","_kad_post_content_style":"","_kad_post_vertical_padding":"","_kad_post_feature":"","_kad_post_feature_position":"","_kad_post_header":false,"_kad_post_footer":false,"_kad_post_classname":"","footnotes":""},"class_list":["post-507","page","type-page","status-publish","hentry"],"aioseo_notices":[],"_hostinger_reach_plugin_has_subscription_block":false,"_hostinger_reach_plugin_is_elementor":false,"uagb_featured_image_src":{"full":false,"thumbnail":false,"medium":false,"medium_large":false,"large":false,"1536x1536":false,"2048x2048":false,"trp-custom-language-flag":false,"woocommerce_thumbnail":false,"woocommerce_single":false,"woocommerce_gallery_thumbnail":false},"uagb_author_info":{"display_name":"DesarrolladorLocal","author_link":"https:\/\/eficonsulting.es\/en\/author\/desarrolladorlocal\/"},"uagb_comment_info":0,"uagb_excerpt":"Iluminaci\u00f3n LED Reduce tu factura de energ\u00eda con la mejor iluminaci\u00f3n LED Ofrecemos servicios de iluminaci\u00f3n LED para hogares y empresas. Sabemos que la iluminaci\u00f3n es un aspecto importante en cualquier espacio, pero tambi\u00e9n puede representar una carga significativa en los costos energ\u00e9ticos. Por eso, ponemos a tu disposici\u00f3n a un equipo de expertos que...","_links":{"self":[{"href":"https:\/\/eficonsulting.es\/en\/wp-json\/wp\/v2\/pages\/507","targetHints":{"allow":["GET"]}}],"collection":[{"href":"https:\/\/eficonsulting.es\/en\/wp-json\/wp\/v2\/pages"}],"about":[{"href":"https:\/\/eficonsulting.es\/en\/wp-json\/wp\/v2\/types\/page"}],"author":[{"embeddable":true,"href":"https:\/\/eficonsulting.es\/en\/wp-json\/wp\/v2\/users\/1"}],"replies":[{"embeddable":true,"href":"https:\/\/eficonsulting.es\/en\/wp-json\/wp\/v2\/comments?post=507"}],"version-history":[{"count":54,"href":"https:\/\/eficonsulting.es\/en\/wp-json\/wp\/v2\/pages\/507\/revisions"}],"predecessor-version":[{"id":4199,"href":"https:\/\/eficonsulting.es\/en\/wp-json\/wp\/v2\/pages\/507\/revisions\/4199"}],"up":[{"embeddable":true,"href":"https:\/\/eficonsulting.es\/en\/wp-json\/wp\/v2\/pages\/1810"}],"wp:attachment":[{"href":"https:\/\/eficonsulting.es\/en\/wp-json\/wp\/v2\/media?parent=507"}],"curies":[{"name":"wp","href":"https:\/\/api.w.org\/{rel}","templated":true}]}}