{"id":505,"date":"2023-03-22T10:54:42","date_gmt":"2023-03-22T09:54:42","guid":{"rendered":"http:\/\/eficonsulting.es\/?page_id=505"},"modified":"2026-05-08T18:29:01","modified_gmt":"2026-05-08T16:29:01","slug":"bateria-virtual","status":"publish","type":"page","link":"https:\/\/eficonsulting.es\/en\/gestoria-energetica\/bateria-virtual\/","title":{"rendered":"Virtual Battery"},"content":{"rendered":"<div class=\"wp-block-uagb-container uag-hide-mob uagb-block-5e55fc83 default uagb-is-root-container\">\n<div class=\"wp-block-uagb-container uagb-block-7906e62d\">\n<h1 class=\"wp-block-heading has-text-align-center\"><strong>VIRTUAL BATTERY <\/strong><\/h1>\n\n\n\n<div class=\"wp-block-uagb-image uagb-block-3ffb8115 wp-block-uagb-image--layout-default wp-block-uagb-image--effect-static wp-block-uagb-image--align-none\"><figure class=\"wp-block-uagb-image__figure\"><img decoding=\"async\" srcset=\"https:\/\/eficonsulting.es\/wp-content\/uploads\/Logo.png \" sizes=\"auto, (max-width: 480px) 150px\" src=\"https:\/\/eficonsulting.es\/wp-content\/uploads\/Logo.png\" alt=\"\" class=\"uag-image-1450\" width=\"486\" height=\"209\" title=\"\" loading=\"lazy\"\/><\/figure><\/div>\n\n\n\n<p> <\/p>\n<\/div>\n\n\n\n<div class=\"wp-block-uagb-container uagb-block-b857c7cc\"><div class=\"wp-block-image\">\n<figure class=\"aligncenter size-full\"><img decoding=\"async\" width=\"1080\" height=\"810\" src=\"http:\/\/eficonsulting.es\/wp-content\/uploads\/FB_IMG_1678725686345-1.jpg\" alt=\"Casas con paneles solares en el tejado\" class=\"wp-image-2220\" srcset=\"https:\/\/eficonsulting.es\/wp-content\/uploads\/FB_IMG_1678725686345-1.jpg 1080w, https:\/\/eficonsulting.es\/wp-content\/uploads\/FB_IMG_1678725686345-1-600x450.jpg 600w, https:\/\/eficonsulting.es\/wp-content\/uploads\/FB_IMG_1678725686345-1-768x576.jpg 768w\" sizes=\"(max-width: 1080px) 100vw, 1080px\" \/><\/figure>\n<\/div><\/div>\n<\/div>\n\n\n\n<div class=\"wp-block-uagb-container uag-hide-mob uagb-block-f229d4a3 default uagb-is-root-container\">\n<div data-aos= \"flip-up\" data-aos-duration=\"400\" data-aos-delay=\"0\" data-aos-easing=\"ease\" data-aos-once=\"true\" class=\"wp-block-uagb-container uagb-block-e56d14a3\">\n<div class=\"wp-block-uagb-image aligncenter uagb-block-f16f1ea5 wp-block-uagb-image--layout-default wp-block-uagb-image--effect-static wp-block-uagb-image--align-center\"><figure class=\"wp-block-uagb-image__figure\"><img decoding=\"async\" srcset=\"https:\/\/eficonsulting.es\/wp-content\/uploads\/comofunciona.jpg \" sizes=\"auto, (max-width: 480px) 150px\" src=\"https:\/\/eficonsulting.es\/wp-content\/uploads\/comofunciona.jpg\" alt=\"Croquis de como funciona una bater\u00eda virtual\" class=\"uag-image-2347\" width=\"511\" height=\"306\" title=\"\" loading=\"lazy\"\/><\/figure><\/div>\n<\/div>\n\n\n\n<div class=\"wp-block-uagb-container uagb-block-0f128e6b\">\n<h2 class=\"wp-block-heading has-text-align-center\"><strong>How does the virtual battery work?<\/strong><\/h2>\n\n\n<\/div>\n<\/div>\n\n\n\n<div style=\"height:29px\" aria-hidden=\"true\" class=\"wp-block-spacer\"><\/div>\n\n\n\n<div data-aos= \"fade\" data-aos-duration=\"400\" data-aos-delay=\"0\" data-aos-easing=\"ease\" data-aos-once=\"true\" class=\"wp-block-uagb-container uag-hide-desktop uag-hide-tab uagb-block-4acd1112 default uagb-is-root-container\">\n<h2 class=\"wp-block-heading\"><strong>How does the virtual battery work?<\/strong><\/h2>\n\n\n<div class=\"wp-block-image\">\n<figure class=\"aligncenter size-full is-resized\"><img decoding=\"async\" width=\"511\" height=\"306\" src=\"https:\/\/eficonsulting.es\/wp-content\/uploads\/comofunciona.jpg\" alt=\"Esquema de como funciona una bater\u00eda virtual\" class=\"wp-image-2347\" style=\"width:384px;height:auto\"\/><\/figure>\n<\/div>\n\n\n<p class=\"translation-block\">As with any storage system, the <strong>virtual battery<\/strong> performs a dual process: charging and discharging. Let's take a closer look at how they work. When you feed your surpluses into the grid, the first thing <strong>Eficonsulting<\/strong> will do is assign them an economic value, meaning you don\u2019t accumulate energy in kWh but in \u20ac. This monetization of surpluses is set at the price of the surplus in the wholesale market POOL. Once the value of the surpluses fed exceeds the maximum amount that <strong>Eficonsulting<\/strong> can compensate you for in that month's bill, they will be loaded into the <strong>virtual battery<\/strong>. With the surpluses accumulated in \u20ac in the <strong>virtual battery<\/strong>, they will first cover the bill for that month linked to the <strong>photovoltaic installation<\/strong>. After that, the surpluses can be compensated at other supply points of the same client linked to <strong>Eficonsulting<\/strong>.<\/p>\n<\/div>\n\n\n\n<div data-aos= \"fade\" data-aos-duration=\"400\" data-aos-delay=\"0\" data-aos-easing=\"ease\" data-aos-once=\"true\" class=\"wp-block-uagb-container uag-hide-mob uagb-block-8dd81852 default uagb-is-root-container\">\n<div class=\"wp-block-uagb-container uagb-block-f797a157\">\n<div class=\"wp-block-uagb-image aligncenter uagb-block-4ccdbaa5 wp-block-uagb-image--layout-default wp-block-uagb-image--effect-static wp-block-uagb-image--align-center\"><figure class=\"wp-block-uagb-image__figure\"><img decoding=\"async\" srcset=\"https:\/\/eficonsulting.es\/wp-content\/uploads\/morales.jpeg \" sizes=\"auto, (max-width: 480px) 150px\" src=\"https:\/\/eficonsulting.es\/wp-content\/uploads\/morales.jpeg\" alt=\"Paneles solares en varios tejados.\" class=\"uag-image-2961\" width=\"668\" height=\"668\" title=\"\" loading=\"lazy\"\/><\/figure><\/div>\n<\/div>\n\n\n\n<div class=\"wp-block-uagb-container uagb-block-009202c7\">\n<h3 class=\"wp-block-heading\">Surplus compensation<\/h3>\n\n\n<\/div>\n<\/div>\n\n\n\n<div style=\"height:29px\" aria-hidden=\"true\" class=\"wp-block-spacer\"><\/div>\n\n\n\n<div data-aos= \"fade\" data-aos-duration=\"400\" data-aos-delay=\"0\" data-aos-easing=\"ease\" data-aos-once=\"true\" class=\"wp-block-uagb-container uag-hide-desktop uag-hide-tab uagb-block-caa700fa default uagb-is-root-container\">\n<h3 class=\"wp-block-heading\"><strong>Surplus compensation<\/strong><\/h3>\n\n\n<div class=\"wp-block-image\">\n<figure class=\"aligncenter size-full is-resized\"><img decoding=\"async\" width=\"899\" height=\"899\" src=\"https:\/\/eficonsulting.es\/wp-content\/uploads\/morales.jpeg\" alt=\"Paneles solares en varios tejados.\" class=\"wp-image-2961\" style=\"width:377px;height:auto\" srcset=\"https:\/\/eficonsulting.es\/wp-content\/uploads\/morales.jpeg 899w, https:\/\/eficonsulting.es\/wp-content\/uploads\/morales-300x300.jpeg 300w, https:\/\/eficonsulting.es\/wp-content\/uploads\/morales-100x100.jpeg 100w, https:\/\/eficonsulting.es\/wp-content\/uploads\/morales-600x600.jpeg 600w, https:\/\/eficonsulting.es\/wp-content\/uploads\/morales-150x150.jpeg 150w, https:\/\/eficonsulting.es\/wp-content\/uploads\/morales-768x768.jpeg 768w\" sizes=\"(max-width: 899px) 100vw, 899px\" \/><\/figure>\n<\/div>\n\n\n<p class=\"translation-block\">The surplus compensation self-consumption model means that the energy produced by your <strong>solar panels<\/strong> and not consumed can be fed into the public grid. In exchange, and after signing a contract, the energy supplier <strong>will compensate you for these surpluses on the consumption part of your electricity bill<\/strong>. As we mentioned, the compensation limit is when your consumption reaches 0\u20ac. The rest of the electricity you feed in will benefit the energy supplier. And just because your consumption is 0\u20ac, it doesn't mean the bill will be 0, as you will still have to pay fixed costs (fees, charges\u2026). So, at first glance, it doesn't seem very fair, does it? But this is what there was. <strong>Eficonsulting<\/strong> has launched new products <strong>even more<\/strong> <strong>beneficial<\/strong> for our clients. <strong>Virtual battery, solar piggy bank, or solar wallet.<\/strong><\/p>\n<\/div>\n\n\n\n<div data-aos= \"fade\" data-aos-duration=\"400\" data-aos-delay=\"0\" data-aos-easing=\"ease\" data-aos-once=\"true\" class=\"wp-block-uagb-container uag-hide-mob uagb-block-f3de0504 default uagb-is-root-container\">\n<div class=\"wp-block-uagb-container uagb-block-a6d31639\">\n<h4 class=\"wp-block-heading has-text-align-center\"><strong>Compensation for photovoltaic surpluses<\/strong><\/h4>\n\n\n<\/div>\n\n\n\n<div class=\"wp-block-uagb-container uagb-block-b0e6bd7f\">\n<div class=\"wp-block-uagb-image aligncenter uagb-block-85dec747 wp-block-uagb-image--layout-default wp-block-uagb-image--effect-static wp-block-uagb-image--align-center\"><figure class=\"wp-block-uagb-image__figure\"><img decoding=\"async\" srcset=\"https:\/\/eficonsulting.es\/wp-content\/uploads\/pilavirtual-e1684436522841.jpg \" sizes=\"auto, (max-width: 480px) 150px\" src=\"https:\/\/eficonsulting.es\/wp-content\/uploads\/pilavirtual-e1684436522841.jpg\" alt=\"Ilustraci\u00f3n de una pila con un enchufe y una persona se\u00f1al\u00e1ndolo met\u00e1fora de bater\u00eda virtual\" class=\"uag-image-2339\" width=\"527\" height=\"394\" title=\"\" loading=\"lazy\"\/><\/figure><\/div>\n<\/div>\n<\/div>\n\n\n\n<div style=\"height:29px\" aria-hidden=\"true\" class=\"wp-block-spacer\"><\/div>\n\n\n\n<div data-aos= \"fade\" data-aos-duration=\"400\" data-aos-delay=\"0\" data-aos-easing=\"ease\" data-aos-once=\"true\" class=\"wp-block-uagb-container uag-hide-desktop uag-hide-tab uagb-block-08b535a2 default uagb-is-root-container\">\n<h4 class=\"wp-block-heading\"><strong>Compensation for photovoltaic surpluses<\/strong><\/h4>\n\n\n<div class=\"wp-block-image\">\n<figure class=\"aligncenter size-full is-resized\"><img decoding=\"async\" width=\"527\" height=\"394\" src=\"https:\/\/eficonsulting.es\/wp-content\/uploads\/pilavirtual-e1684436522841.jpg\" alt=\"Ilustraci\u00f3n de una pila con un enchufe y una persona se\u00f1al\u00e1ndolo met\u00e1fora de bater\u00eda virtual\" class=\"wp-image-2339\" style=\"width:301px;height:auto\"\/><\/figure>\n<\/div>\n\n\n<p class=\"translation-block\">Within the alternatives for compensating photovoltaic self-consumption surpluses offered by the energy market, there are several interesting proposals: such as the <strong>virtual battery<\/strong>; <strong>solar piggy bank and solar wallet<\/strong>. <strong>Eficonsulting<\/strong> introduces the first purchase of surpluses to POOL.<\/p>\n<\/div>\n\n\n\n<div data-aos= \"fade\" data-aos-duration=\"400\" data-aos-delay=\"0\" data-aos-easing=\"ease\" data-aos-once=\"true\" class=\"wp-block-uagb-container uag-hide-mob uagb-block-657546a5 default uagb-is-root-container\">\n<div class=\"wp-block-uagb-container uagb-block-d0a55561\">\n<h5 class=\"wp-block-heading has-text-align-center\"><strong>Invoice at 0 euros.<\/strong><\/h5>\n\n\n\n\n\n\n<\/div>\n\n\n\n<div data-aos= \"zoom-out\" data-aos-duration=\"400\" data-aos-delay=\"0\" data-aos-easing=\"ease\" data-aos-once=\"true\" class=\"wp-block-uagb-container uagb-block-ec34b89c\">\n<div class=\"wp-block-uagb-image aligncenter uagb-block-7addfe4d wp-block-uagb-image--layout-default wp-block-uagb-image--effect-static wp-block-uagb-image--align-center\"><figure class=\"wp-block-uagb-image__figure\"><a href=\"https:\/\/eficonsulting.es\/wp-content\/uploads\/WhatsApp-Image-2023-08-21-at-19.30.36.jpeg\" data-src=\"https:\/\/eficonsulting.es\/wp-content\/uploads\/WhatsApp-Image-2023-08-21-at-19.30.36.jpeg\" data-thumb=\"https:\/\/eficonsulting.es\/wp-content\/uploads\/WhatsApp-Image-2023-08-21-at-19.30.36.jpeg\" class=\"ml-lightbox-enabled\"><img decoding=\"async\" srcset=\"https:\/\/eficonsulting.es\/wp-content\/uploads\/WhatsApp-Image-2023-08-21-at-19.30.36.jpeg \" sizes=\"auto, (max-width: 480px) 150px\" src=\"https:\/\/eficonsulting.es\/wp-content\/uploads\/WhatsApp-Image-2023-08-21-at-19.30.36.jpeg\" alt=\"Factura con bater\u00eda virtual con un importe a pagar de 0 Euros\" class=\"uag-image-3049\" width=\"665\" height=\"349\" title=\"\" loading=\"lazy\"\/><\/a><\/figure><\/div>\n<\/div>\n<\/div>\n\n\n\n<div style=\"height:29px\" aria-hidden=\"true\" class=\"wp-block-spacer\"><\/div>\n\n\n\n<div data-aos= \"fade\" data-aos-duration=\"400\" data-aos-delay=\"0\" data-aos-easing=\"ease\" data-aos-once=\"true\" class=\"wp-block-uagb-container uag-hide-desktop uag-hide-tab uagb-block-a43d7dd5 default uagb-is-root-container\">\n<h5 class=\"wp-block-heading\"><strong>Invoice at 0 euros.<\/strong><\/h5>\n\n\n<div class=\"wp-block-image\">\n<figure data-wp-context=\"{&quot;imageId&quot;:&quot;6a091357790b8&quot;}\" data-wp-interactive=\"core\/image\" data-wp-key=\"6a091357790b8\" class=\"aligncenter size-full is-resized wp-lightbox-container\"><img decoding=\"async\" width=\"1047\" height=\"550\" data-wp-class--hide=\"state.isContentHidden\" data-wp-class--show=\"state.isContentVisible\" data-wp-init=\"callbacks.setButtonStyles\" data-wp-on--click=\"actions.showLightbox\" data-wp-on--load=\"callbacks.setButtonStyles\" data-wp-on-window--resize=\"callbacks.setButtonStyles\" src=\"https:\/\/eficonsulting.es\/wp-content\/uploads\/WhatsApp-Image-2023-08-21-at-19.30.36.jpeg\" alt=\"Factura con bater\u00eda virtual con un importe a pagar de 0 Euros\" class=\"wp-image-3049\" style=\"width:566px;height:auto\" srcset=\"https:\/\/eficonsulting.es\/wp-content\/uploads\/WhatsApp-Image-2023-08-21-at-19.30.36.jpeg 1047w, https:\/\/eficonsulting.es\/wp-content\/uploads\/WhatsApp-Image-2023-08-21-at-19.30.36-600x315.jpeg 600w, https:\/\/eficonsulting.es\/wp-content\/uploads\/WhatsApp-Image-2023-08-21-at-19.30.36-768x403.jpeg 768w\" sizes=\"(max-width: 1047px) 100vw, 1047px\" \/><button\n\t\t\tclass=\"lightbox-trigger\"\n\t\t\ttype=\"button\"\n\t\t\taria-haspopup=\"dialog\"\n\t\t\taria-label=\"Enlarge\"\n\t\t\tdata-wp-init=\"callbacks.initTriggerButton\"\n\t\t\tdata-wp-on--click=\"actions.showLightbox\"\n\t\t\tdata-wp-style--right=\"state.imageButtonRight\"\n\t\t\tdata-wp-style--top=\"state.imageButtonTop\"\n\t\t>\n\t\t\t<svg xmlns=\"http:\/\/www.w3.org\/2000\/svg\" width=\"12\" height=\"12\" fill=\"none\" viewbox=\"0 0 12 12\">\n\t\t\t\t<path fill=\"#fff\" d=\"M2 0a2 2 0 0 0-2 2v2h1.5V2a.5.5 0 0 1 .5-.5h2V0H2Zm2 10.5H2a.5.5 0 0 1-.5-.5V8H0v2a2 2 0 0 0 2 2h2v-1.5ZM8 12v-1.5h2a.5.5 0 0 0 .5-.5V8H12v2a2 2 0 0 1-2 2H8Zm2-12a2 2 0 0 1 2 2v2h-1.5V2a.5.5 0 0 0-.5-.5H8V0h2Z\" \/>\n\t\t\t<\/svg>\n\t\t<\/button><\/figure>\n<\/div>\n\n\n<p class=\"translation-block\">With the remaining surplus, your <strong>electricity bill at 0 \u20ac<\/strong>.<\/p>\n\n\n\n<p class=\"translation-block\">\u2022 <strong>Save it for future bills<\/strong>. Associate another supply under your name with <strong>Eficonsulting<\/strong>, so you can reduce the bill for a second home, for example.<\/p>\n\n\n\n<p class=\"translation-block\">\u2022 Something very interesting with the <strong>virtual battery<\/strong> is that, even if months pass without using the <strong>accumulated money<\/strong>, <strong>nothing happens<\/strong>, because these services <strong>do not expire<\/strong>, and you will only lose the accumulated amount if you switch to another energy supplier.<\/p>\n<\/div>\n\n\n\n<div style=\"height:32px\" aria-hidden=\"true\" class=\"wp-block-spacer\"><\/div>\n\n\n\n<div data-aos= \"slide-right\" data-aos-duration=\"400\" data-aos-delay=\"0\" data-aos-easing=\"ease\" data-aos-once=\"true\" class=\"wp-block-uagb-container uag-hide-mob uagb-block-1cafd3b3 default uagb-is-root-container\">\n<div class=\"wp-block-cover aligncenter is-light\"><span aria-hidden=\"true\" class=\"wp-block-cover__background has-background-dim-0 has-background-dim\"><\/span><img decoding=\"async\" width=\"640\" height=\"421\" class=\"wp-block-cover__image-background wp-image-220\" alt=\"\" src=\"https:\/\/eficonsulting.es\/wp-content\/uploads\/photovoltaic-g5cfa3c1bd_640.jpg\" data-object-fit=\"cover\" srcset=\"https:\/\/eficonsulting.es\/wp-content\/uploads\/photovoltaic-g5cfa3c1bd_640.jpg 640w, https:\/\/eficonsulting.es\/wp-content\/uploads\/photovoltaic-g5cfa3c1bd_640-600x395.jpg 600w\" sizes=\"(max-width: 640px) 100vw, 640px\" \/><div class=\"wp-block-cover__inner-container is-layout-flow wp-block-cover-is-layout-flow\">\n<h6 class=\"wp-block-heading has-text-align-center has-theme-palette-3-color has-text-color has-link-color has-large-font-size wp-elements-48075e33831868c5fbb701d676582057\">Closer and closer to a sustainable world.<\/h6>\n\n\n<div class=\"wp-block-image\">\n<figure class=\"aligncenter size-full\"><a href=\"https:\/\/eficonsulting.es\/en\/\"><img decoding=\"async\" width=\"486\" height=\"209\" src=\"https:\/\/eficonsulting.es\/wp-content\/uploads\/Logo.png\" alt=\"Logotipo de Eficonsulting\" class=\"wp-image-1450\"\/><\/a><\/figure>\n<\/div><\/div><\/div>\n<\/div>\n\n\n\n<div data-aos= \"slide-right\" data-aos-duration=\"400\" data-aos-delay=\"0\" data-aos-easing=\"ease\" data-aos-once=\"true\" class=\"wp-block-uagb-container uag-hide-desktop uag-hide-tab uagb-block-257e2037 default uagb-is-root-container\">\n<div class=\"wp-block-cover aligncenter is-light\"><span aria-hidden=\"true\" class=\"wp-block-cover__background has-background-dim-0 has-background-dim\"><\/span><img decoding=\"async\" width=\"640\" height=\"421\" class=\"wp-block-cover__image-background wp-image-220\" alt=\"\" src=\"https:\/\/eficonsulting.es\/wp-content\/uploads\/photovoltaic-g5cfa3c1bd_640.jpg\" data-object-fit=\"cover\" srcset=\"https:\/\/eficonsulting.es\/wp-content\/uploads\/photovoltaic-g5cfa3c1bd_640.jpg 640w, https:\/\/eficonsulting.es\/wp-content\/uploads\/photovoltaic-g5cfa3c1bd_640-600x395.jpg 600w\" sizes=\"(max-width: 640px) 100vw, 640px\" \/><div class=\"wp-block-cover__inner-container is-layout-flow wp-block-cover-is-layout-flow\">\n<h6 class=\"wp-block-heading has-text-align-center has-theme-palette-3-color has-text-color has-link-color has-medium-font-size wp-elements-cd1edc6796d9315c372e958616f9d621\">Closer and closer to a sustainable world.<\/h6>\n\n\n<div class=\"wp-block-image\">\n<figure class=\"aligncenter size-full is-resized\"><a href=\"https:\/\/eficonsulting.es\/en\/\"><img decoding=\"async\" width=\"486\" height=\"209\" src=\"https:\/\/eficonsulting.es\/wp-content\/uploads\/Logo.png\" alt=\"Logotipo de Eficonsulting\" class=\"wp-image-1450\" style=\"width:288px;height:auto\"\/><\/a><\/figure>\n<\/div><\/div><\/div>\n<\/div>\n\n\n\n<div style=\"height:20px\" aria-hidden=\"true\" class=\"wp-block-spacer\"><\/div>","protected":false},"excerpt":{"rendered":"<p>BATER\u00cdA VIRTUAL \u00bfC\u00f3mo funciona la bater\u00eda virtual? \u00bfC\u00f3mo funciona la bater\u00eda virtual? Como cualquier sistema de almacenamiento, la bater\u00eda virtual, realiza un doble proceso: carga y descarga. Veamos m\u00e1s detenidamente c\u00f3mo funcionan. Cuando viertes tus excedentes a la red , lo primero que har\u00e1 Eficonsulting, ser\u00e1 asignarles un valor econ\u00f3mico, es decir no acumulas la&#8230;<\/p>","protected":false},"author":1,"featured_media":1753,"parent":1810,"menu_order":0,"comment_status":"closed","ping_status":"closed","template":"","meta":{"_uag_custom_page_level_css":"","_kadence_starter_templates_imported_post":false,"_kad_post_transparent":"","_kad_post_title":"","_kad_post_layout":"","_kad_post_sidebar_id":"","_kad_post_content_style":"","_kad_post_vertical_padding":"","_kad_post_feature":"","_kad_post_feature_position":"","_kad_post_header":false,"_kad_post_footer":false,"_kad_post_classname":"","footnotes":""},"class_list":["post-505","page","type-page","status-publish","has-post-thumbnail","hentry"],"aioseo_notices":[],"_hostinger_reach_plugin_has_subscription_block":false,"_hostinger_reach_plugin_is_elementor":false,"uagb_featured_image_src":{"full":["https:\/\/eficonsulting.es\/wp-content\/uploads\/BateriaVirtual1.jpg",612,344,false],"thumbnail":["https:\/\/eficonsulting.es\/wp-content\/uploads\/BateriaVirtual1-150x150.jpg",150,150,true],"medium":["https:\/\/eficonsulting.es\/wp-content\/uploads\/BateriaVirtual1-600x337.jpg",600,337,true],"medium_large":["https:\/\/eficonsulting.es\/wp-content\/uploads\/BateriaVirtual1.jpg",612,344,false],"large":["https:\/\/eficonsulting.es\/wp-content\/uploads\/BateriaVirtual1.jpg",612,344,false],"1536x1536":["https:\/\/eficonsulting.es\/wp-content\/uploads\/BateriaVirtual1.jpg",612,344,false],"2048x2048":["https:\/\/eficonsulting.es\/wp-content\/uploads\/BateriaVirtual1.jpg",612,344,false],"trp-custom-language-flag":["https:\/\/eficonsulting.es\/wp-content\/uploads\/BateriaVirtual1.jpg",18,10,false],"woocommerce_thumbnail":["https:\/\/eficonsulting.es\/wp-content\/uploads\/BateriaVirtual1-300x300.jpg",300,300,true],"woocommerce_single":["https:\/\/eficonsulting.es\/wp-content\/uploads\/BateriaVirtual1-600x337.jpg",600,337,true],"woocommerce_gallery_thumbnail":["https:\/\/eficonsulting.es\/wp-content\/uploads\/BateriaVirtual1-100x100.jpg",100,100,true]},"uagb_author_info":{"display_name":"Jos\u00e9 Mar\u00eda Lacomba","author_link":"https:\/\/eficonsulting.es\/en\/author\/desarrolladorlocal\/"},"uagb_comment_info":0,"uagb_excerpt":"BATER\u00cdA VIRTUAL \u00bfC\u00f3mo funciona la bater\u00eda virtual? \u00bfC\u00f3mo funciona la bater\u00eda virtual? Como cualquier sistema de almacenamiento, la bater\u00eda virtual, realiza un doble proceso: carga y descarga. Veamos m\u00e1s detenidamente c\u00f3mo funcionan. Cuando viertes tus excedentes a la red , lo primero que har\u00e1 Eficonsulting, ser\u00e1 asignarles un valor econ\u00f3mico, es decir no acumulas la...","_links":{"self":[{"href":"https:\/\/eficonsulting.es\/en\/wp-json\/wp\/v2\/pages\/505","targetHints":{"allow":["GET"]}}],"collection":[{"href":"https:\/\/eficonsulting.es\/en\/wp-json\/wp\/v2\/pages"}],"about":[{"href":"https:\/\/eficonsulting.es\/en\/wp-json\/wp\/v2\/types\/page"}],"author":[{"embeddable":true,"href":"https:\/\/eficonsulting.es\/en\/wp-json\/wp\/v2\/users\/1"}],"replies":[{"embeddable":true,"href":"https:\/\/eficonsulting.es\/en\/wp-json\/wp\/v2\/comments?post=505"}],"version-history":[{"count":54,"href":"https:\/\/eficonsulting.es\/en\/wp-json\/wp\/v2\/pages\/505\/revisions"}],"predecessor-version":[{"id":4680,"href":"https:\/\/eficonsulting.es\/en\/wp-json\/wp\/v2\/pages\/505\/revisions\/4680"}],"up":[{"embeddable":true,"href":"https:\/\/eficonsulting.es\/en\/wp-json\/wp\/v2\/pages\/1810"}],"wp:featuredmedia":[{"embeddable":true,"href":"https:\/\/eficonsulting.es\/en\/wp-json\/wp\/v2\/media\/1753"}],"wp:attachment":[{"href":"https:\/\/eficonsulting.es\/en\/wp-json\/wp\/v2\/media?parent=505"}],"curies":[{"name":"wp","href":"https:\/\/api.w.org\/{rel}","templated":true}]}}