{"id":501,"date":"2023-03-22T10:54:02","date_gmt":"2023-03-22T09:54:02","guid":{"rendered":"http:\/\/eficonsulting.es\/?page_id=501"},"modified":"2023-12-19T11:01:25","modified_gmt":"2023-12-19T10:01:25","slug":"optimizaciones","status":"publish","type":"page","link":"https:\/\/eficonsulting.es\/en\/servicios\/asesoria-energetica\/optimizaciones\/","title":{"rendered":"Optimizations"},"content":{"rendered":"<h1 class=\"wp-block-heading has-text-align-center\">Optimizations<\/h1>\n\n\n\n<div class=\"wp-block-uagb-container uag-hide-mob uagb-block-fb18313a default uagb-is-root-container\">\n<div class=\"wp-block-uagb-container uagb-block-c1810560\">\n<h2 class=\"wp-block-heading\">Optimization of Supplies<\/h2>\n\n\n\n<p class=\"translation-block\">At <strong>Eficonsulting<\/strong>, we offer <strong>optimization of supplies for homes and businesses<\/strong>. We know that supply costs can be a significant burden on any household or business budget, which is why we provide you with a team of experts who will help you <strong>reduce your energy bills<\/strong>.<\/p>\n<\/div>\n\n\n\n<div class=\"wp-block-uagb-container uagb-block-b4b55370\"><div class=\"wp-block-image\">\n<figure class=\"aligncenter size-full\"><img decoding=\"async\" width=\"847\" height=\"565\" src=\"http:\/\/eficonsulting.es\/wp-content\/uploads\/134599078_s.jpg\" alt=\"Reuni\u00f3n. Optimizaciones de energ\u00eda en una casa\" class=\"wp-image-1882\" srcset=\"https:\/\/eficonsulting.es\/wp-content\/uploads\/134599078_s.jpg 847w, https:\/\/eficonsulting.es\/wp-content\/uploads\/134599078_s-600x400.jpg 600w, https:\/\/eficonsulting.es\/wp-content\/uploads\/134599078_s-768x512.jpg 768w\" sizes=\"(max-width: 847px) 100vw, 847px\" \/><\/figure>\n<\/div><\/div>\n<\/div>\n\n\n\n<div style=\"height:37px\" aria-hidden=\"true\" class=\"wp-block-spacer\"><\/div>\n\n\n\n<div data-aos= \"fade\" data-aos-duration=\"400\" data-aos-delay=\"0\" data-aos-easing=\"ease\" data-aos-once=\"true\" class=\"wp-block-uagb-container uag-hide-desktop uag-hide-tab uagb-block-3c4530f4 default uagb-is-root-container\">\n<h2 class=\"wp-block-heading\">Optimization of Supplies<\/h2>\n\n\n<div class=\"wp-block-image\">\n<figure class=\"aligncenter size-full is-resized\"><img decoding=\"async\" width=\"847\" height=\"565\" src=\"https:\/\/eficonsulting.es\/wp-content\/uploads\/134599078_s-1.jpg\" alt=\"Reuni\u00f3n. Optimizaciones de energ\u00eda en una casa\" class=\"wp-image-2061\" style=\"width:423px;height:auto\" srcset=\"https:\/\/eficonsulting.es\/wp-content\/uploads\/134599078_s-1.jpg 847w, https:\/\/eficonsulting.es\/wp-content\/uploads\/134599078_s-1-600x400.jpg 600w, https:\/\/eficonsulting.es\/wp-content\/uploads\/134599078_s-1-768x512.jpg 768w\" sizes=\"(max-width: 847px) 100vw, 847px\" \/><\/figure>\n<\/div>\n\n\n<p class=\"translation-block\">At <strong>Eficonsulting<\/strong>, we offer <strong>optimization of supplies for homes and businesses<\/strong>. We know that supply costs can be a significant burden on any household or business budget, which is why we provide you with a team of experts who will help you <strong>reduce your energy bills<\/strong>.<\/p>\n<\/div>\n\n\n\n<div data-aos= \"fade\" data-aos-duration=\"400\" data-aos-delay=\"0\" data-aos-easing=\"ease\" data-aos-once=\"true\" class=\"wp-block-uagb-container uag-hide-mob uagb-block-6d62b54c default uagb-is-root-container\">\n<div class=\"wp-block-uagb-container uagb-block-d5f02ec5\"><div class=\"wp-block-image\">\n<figure class=\"aligncenter size-full\"><img decoding=\"async\" width=\"450\" height=\"416\" src=\"http:\/\/eficonsulting.es\/wp-content\/uploads\/14369951-hombre-de-negocios-eliminar-el-problema-y-encontrar-una-solucion.jpg\" alt=\"Persona escribiendo interrogaci\u00f3n igual a bombilla. Alegor\u00eda de sostenibilidad\" class=\"wp-image-1881\"\/><\/figure>\n<\/div><\/div>\n\n\n\n<div class=\"wp-block-uagb-container uagb-block-35f337de\">\n<h3 class=\"wp-block-heading\">Optimizations: Consumption Analysis<\/h3>\n\n\n\n<p class=\"translation-block\">We take care of analyzing your consumption and comparing it with the different rates and options available in the market, <strong>to offer you the most cost-effective and tailored option to your needs<\/strong>. Additionally, we guide you through the entire contracting process and assist you with the necessary procedures to change your company or rate.<br>Furthermore, we provide you with <strong>personalized solutions to reduce energy and water consumption<\/strong> in your home or business, through the implementation of <strong>energy efficiency measures and the installation of low-consumption equipment<\/strong>.<\/p>\n<\/div>\n<\/div>\n\n\n\n<div style=\"height:33px\" aria-hidden=\"true\" class=\"wp-block-spacer\"><\/div>\n\n\n\n<div data-aos= \"fade\" data-aos-duration=\"400\" data-aos-delay=\"0\" data-aos-easing=\"ease\" data-aos-once=\"true\" class=\"wp-block-uagb-container uag-hide-desktop uag-hide-tab uagb-block-8645f35b default uagb-is-root-container\">\n<h3 class=\"wp-block-heading\">Optimizations: Consumption Analysis<\/h3>\n\n\n<div class=\"wp-block-image\">\n<figure class=\"aligncenter size-full is-resized\"><img decoding=\"async\" width=\"450\" height=\"416\" src=\"https:\/\/eficonsulting.es\/wp-content\/uploads\/14369951-hombre-de-negocios-eliminar-el-problema-y-encontrar-una-solucion.jpg\" alt=\"Hombre de negocios eliminar el problema y encontrar soluci\u00f3n\" class=\"wp-image-1881\" style=\"width:378px;height:auto\"\/><\/figure>\n<\/div>\n\n\n<p class=\"translation-block\">We take care of analyzing your consumption and comparing it with the different rates and options available in the market, <strong>to offer you the most cost-effective and tailored option to your needs<\/strong>. Additionally, we guide you through the entire contracting process and assist you with the necessary procedures to change your company or rate.<br>Furthermore, we provide you with <strong>personalized solutions to reduce energy and water consumption<\/strong> in your home or business, through the implementation of <strong>energy efficiency measures and the installation of low-consumption equipment<\/strong>.<\/p>\n<\/div>\n\n\n\n<div data-aos= \"fade\" data-aos-duration=\"400\" data-aos-delay=\"0\" data-aos-easing=\"ease\" data-aos-once=\"true\" class=\"wp-block-uagb-container uag-hide-mob uagb-block-6ca25863 default uagb-is-root-container\">\n<div class=\"wp-block-uagb-container uagb-block-83981222\">\n<h4 class=\"wp-block-heading\">Contact Eficonsulting<\/h4>\n\n\n\n<p class=\"translation-block\">Don't wait any longer and contact us to receive <strong>the best optimization service<\/strong> for your installation. We guarantee a <strong>significant saving on your bills<\/strong> and an <strong>efficient management<\/strong> of your <strong>energy resources<\/strong>.<\/p>\n\n\n\n<div class=\"wp-block-uagb-buttons uagb-buttons__outer-wrap uagb-btn__default-btn uagb-btn-tablet__default-btn uagb-btn-mobile__default-btn uagb-block-adc535e0\"><div class=\"uagb-buttons__wrap uagb-buttons-layout-wrap\">\n<div class=\"wp-block-uagb-buttons-child uagb-buttons__outer-wrap uagb-block-0e6b781f wp-block-button\"><div class=\"uagb-button__wrapper\"><a class=\"uagb-buttons-repeater wp-block-button__link\" href=\"\/\/eficonsulting.es\/en\/contacto\/\" onclick=\"return true;\" rel=\"follow noopener\" target=\"_blank\"><div class=\"uagb-button__link\">Contact Us<\/div><\/a><\/div><\/div>\n<\/div><\/div>\n<\/div>\n\n\n\n<div class=\"wp-block-uagb-container uagb-block-b2fff349\"><div class=\"wp-block-image\">\n<figure class=\"aligncenter size-large\"><img decoding=\"async\" width=\"1551\" height=\"1080\" src=\"http:\/\/eficonsulting.es\/wp-content\/uploads\/90582093_m-1551x1080.jpg\" alt=\"Calculadora y panel solar. Alegor\u00eda de ahorro\" class=\"wp-image-1880\" srcset=\"https:\/\/eficonsulting.es\/wp-content\/uploads\/90582093_m-1551x1080.jpg 1551w, https:\/\/eficonsulting.es\/wp-content\/uploads\/90582093_m-600x418.jpg 600w, https:\/\/eficonsulting.es\/wp-content\/uploads\/90582093_m-768x535.jpg 768w, https:\/\/eficonsulting.es\/wp-content\/uploads\/90582093_m-1536x1069.jpg 1536w, https:\/\/eficonsulting.es\/wp-content\/uploads\/90582093_m-2048x1426.jpg 2048w\" sizes=\"(max-width: 1551px) 100vw, 1551px\" \/><\/figure>\n<\/div><\/div>\n<\/div>\n\n\n\n<div style=\"height:37px\" aria-hidden=\"true\" class=\"wp-block-spacer\"><\/div>\n\n\n\n<div data-aos= \"fade\" data-aos-duration=\"400\" data-aos-delay=\"0\" data-aos-easing=\"ease\" data-aos-once=\"true\" class=\"wp-block-uagb-container uag-hide-desktop uag-hide-tab uagb-block-a749cdc2 default uagb-is-root-container\">\n<h4 class=\"wp-block-heading\">Contact Eficonsulting<\/h4>\n\n\n<div class=\"wp-block-image\">\n<figure class=\"aligncenter size-large is-resized\"><img decoding=\"async\" width=\"1551\" height=\"1080\" src=\"https:\/\/eficonsulting.es\/wp-content\/uploads\/90582093_m-1551x1080.jpg\" alt=\"Calculadora y panel solar. Alegor\u00eda de ahorro\" class=\"wp-image-1880\" style=\"width:387px;height:auto\" srcset=\"https:\/\/eficonsulting.es\/wp-content\/uploads\/90582093_m-1551x1080.jpg 1551w, https:\/\/eficonsulting.es\/wp-content\/uploads\/90582093_m-600x418.jpg 600w, https:\/\/eficonsulting.es\/wp-content\/uploads\/90582093_m-768x535.jpg 768w, https:\/\/eficonsulting.es\/wp-content\/uploads\/90582093_m-1536x1069.jpg 1536w, https:\/\/eficonsulting.es\/wp-content\/uploads\/90582093_m-2048x1426.jpg 2048w\" sizes=\"(max-width: 1551px) 100vw, 1551px\" \/><\/figure>\n<\/div>\n\n\n<p class=\"translation-block\">Don't wait any longer and contact us to receive <strong>the best optimization service<\/strong> for your installation. We guarantee a <strong>significant saving on your bills<\/strong> and an <strong>efficient management<\/strong> of your <strong>energy resources<\/strong>.<\/p>\n\n\n\n<div class=\"wp-block-uagb-buttons uagb-buttons__outer-wrap uagb-btn__default-btn uagb-btn-tablet__default-btn uagb-btn-mobile__default-btn uagb-block-adc535e0\"><div class=\"uagb-buttons__wrap uagb-buttons-layout-wrap\">\n<div class=\"wp-block-uagb-buttons-child uagb-buttons__outer-wrap uagb-block-0e6b781f wp-block-button\"><div class=\"uagb-button__wrapper\"><a class=\"uagb-buttons-repeater wp-block-button__link\" href=\"\/\/eficonsulting.es\/en\/contacto\/\" onclick=\"return true;\" rel=\"follow noopener\" target=\"_blank\"><div class=\"uagb-button__link\">Contact Us<\/div><\/a><\/div><\/div>\n<\/div><\/div>\n<\/div>\n\n\n<div class=\"wp-block-image\">\n<figure class=\"aligncenter size-full is-resized\"><a href=\"https:\/\/eficonsulting.es\/en\/\"><img decoding=\"async\" width=\"486\" height=\"209\" src=\"https:\/\/eficonsulting.es\/wp-content\/uploads\/Logo.png\" alt=\"Logotipo de Eficonsulting\" class=\"wp-image-1450\" style=\"width:400px;height:auto\"\/><\/a><\/figure>\n<\/div>\n\n\n<div style=\"height:37px\" aria-hidden=\"true\" class=\"wp-block-spacer\"><\/div>","protected":false},"excerpt":{"rendered":"<p>Optimizaciones Optimizaci\u00f3n de suministros En Eficonsulting, ofrecemos optimizaciones de suministros para hogares y empresas. Sabemos que los costos de los suministros pueden ser una carga importante en el presupuesto de cualquier hogar o negocio, por eso ponemos a tu disposici\u00f3n a un equipo de expertos que te ayudar\u00e1 a reducir tus facturas de energ\u00eda. Optimizaci\u00f3n&#8230;<\/p>","protected":false},"author":1,"featured_media":0,"parent":499,"menu_order":0,"comment_status":"closed","ping_status":"closed","template":"","meta":{"_uag_custom_page_level_css":"","_kadence_starter_templates_imported_post":false,"_kad_post_transparent":"","_kad_post_title":"","_kad_post_layout":"","_kad_post_sidebar_id":"","_kad_post_content_style":"","_kad_post_vertical_padding":"","_kad_post_feature":"","_kad_post_feature_position":"","_kad_post_header":false,"_kad_post_footer":false,"_kad_post_classname":"","footnotes":""},"class_list":["post-501","page","type-page","status-publish","hentry"],"aioseo_notices":[],"_hostinger_reach_plugin_has_subscription_block":false,"_hostinger_reach_plugin_is_elementor":false,"uagb_featured_image_src":{"full":false,"thumbnail":false,"medium":false,"medium_large":false,"large":false,"1536x1536":false,"2048x2048":false,"trp-custom-language-flag":false,"woocommerce_thumbnail":false,"woocommerce_single":false,"woocommerce_gallery_thumbnail":false},"uagb_author_info":{"display_name":"DesarrolladorLocal","author_link":"https:\/\/eficonsulting.es\/en\/author\/desarrolladorlocal\/"},"uagb_comment_info":0,"uagb_excerpt":"Optimizaciones Optimizaci\u00f3n de suministros En Eficonsulting, ofrecemos optimizaciones de suministros para hogares y empresas. Sabemos que los costos de los suministros pueden ser una carga importante en el presupuesto de cualquier hogar o negocio, por eso ponemos a tu disposici\u00f3n a un equipo de expertos que te ayudar\u00e1 a reducir tus facturas de energ\u00eda. Optimizaci\u00f3n...","_links":{"self":[{"href":"https:\/\/eficonsulting.es\/en\/wp-json\/wp\/v2\/pages\/501","targetHints":{"allow":["GET"]}}],"collection":[{"href":"https:\/\/eficonsulting.es\/en\/wp-json\/wp\/v2\/pages"}],"about":[{"href":"https:\/\/eficonsulting.es\/en\/wp-json\/wp\/v2\/types\/page"}],"author":[{"embeddable":true,"href":"https:\/\/eficonsulting.es\/en\/wp-json\/wp\/v2\/users\/1"}],"replies":[{"embeddable":true,"href":"https:\/\/eficonsulting.es\/en\/wp-json\/wp\/v2\/comments?post=501"}],"version-history":[{"count":27,"href":"https:\/\/eficonsulting.es\/en\/wp-json\/wp\/v2\/pages\/501\/revisions"}],"predecessor-version":[{"id":3968,"href":"https:\/\/eficonsulting.es\/en\/wp-json\/wp\/v2\/pages\/501\/revisions\/3968"}],"up":[{"embeddable":true,"href":"https:\/\/eficonsulting.es\/en\/wp-json\/wp\/v2\/pages\/499"}],"wp:attachment":[{"href":"https:\/\/eficonsulting.es\/en\/wp-json\/wp\/v2\/media?parent=501"}],"curies":[{"name":"wp","href":"https:\/\/api.w.org\/{rel}","templated":true}]}}