{"id":1819,"date":"2023-04-24T17:41:19","date_gmt":"2023-04-24T15:41:19","guid":{"rendered":"http:\/\/eficonsulting.es\/?page_id=1819"},"modified":"2025-11-18T17:54:30","modified_gmt":"2025-11-18T16:54:30","slug":"quienes-somos-2","status":"publish","type":"page","link":"https:\/\/eficonsulting.es\/en\/quienes-somos-2\/","title":{"rendered":"About Us"},"content":{"rendered":"<h2 class=\"wp-block-heading has-text-align-center\">About Us<\/h2>\n\n\n\n<div class=\"wp-block-uagb-container uagb-block-c457ebeb default uagb-is-root-container\">\n<div class=\"wp-block-uagb-container uagb-block-b278ff9b\">\n<p>Eficonsulting: Expertos en Eficiencia Energ\u00e9tica con m\u00e1s de 10 A\u00f1os de Experiencia<\/p>\n\n\n\n<p>En Eficonsulting ayudamos a empresas, entidades p\u00fablicas y particulares a optimizar su consumo energ\u00e9tico mediante soluciones profesionales y sostenibles. Estamos homologados por FENAGE y contamos con una amplia trayectoria en el sector energ\u00e9tico.<\/p>\n\n\n\n<p><strong>Cobertura nacional \u2013 Trabajamos en toda Espa\u00f1a<\/strong><\/p>\n\n\n\n<p>Disponemos de <strong>herramientas digitales avanzadas<\/strong> que nos permiten trabajar a distancia con la misma calidad y rapidez que si estuvi\u00e9ramos f\u00edsicamente en tu ciudad.<\/p>\n\n\n\n<p>Cuando es necesario, nos desplazamos a cualquier punto de Espa\u00f1a y ofrecemos atenci\u00f3n personalizada online para agilizar cada fase del proyecto.<\/p>\n\n\n\n<p>Atendemos a clientes en provincias como: <strong>M\u00e1laga, Sevilla, C\u00e1diz, C\u00f3rdoba, Granada, Ja\u00e9n, Huelva, Almer\u00eda, Madrid, Valencia, Islas Canarias<\/strong>, entre muchas otras provincias.<\/p>\n\n\n\n<p>Est\u00e9s donde est\u00e9s, te acompa\u00f1amos en todas las fases: estudio inicial, instalaci\u00f3n y seguimiento de tu consumo energ\u00e9tico.<\/p>\n<\/div>\n\n\n\n<div class=\"wp-block-uagb-container uagb-block-dc17db1f\"><div class=\"wp-block-image\">\n<figure class=\"aligncenter size-large\"><a href=\"https:\/\/eficonsulting.es\/wp-content\/uploads\/EFII-MUNDO-2022.jpg\" data-src=\"https:\/\/eficonsulting.es\/wp-content\/uploads\/EFII-MUNDO-2022.jpg\" data-thumb=\"http:\/\/eficonsulting.es\/wp-content\/uploads\/EFII-MUNDO-2022-1620x1080.jpg\" class=\"ml-lightbox-enabled\"><img decoding=\"async\" width=\"1620\" height=\"1080\" src=\"http:\/\/eficonsulting.es\/wp-content\/uploads\/EFII-MUNDO-2022-1620x1080.jpg\" alt=\"\" class=\"wp-image-1932\" srcset=\"https:\/\/eficonsulting.es\/wp-content\/uploads\/EFII-MUNDO-2022-1620x1080.jpg 1620w, https:\/\/eficonsulting.es\/wp-content\/uploads\/EFII-MUNDO-2022-600x400.jpg 600w, https:\/\/eficonsulting.es\/wp-content\/uploads\/EFII-MUNDO-2022-768x512.jpg 768w, https:\/\/eficonsulting.es\/wp-content\/uploads\/EFII-MUNDO-2022-1536x1024.jpg 1536w, https:\/\/eficonsulting.es\/wp-content\/uploads\/EFII-MUNDO-2022-2048x1365.jpg 2048w\" sizes=\"(max-width: 1620px) 100vw, 1620px\" \/><\/a><\/figure>\n<\/div><\/div>\n<\/div>\n\n\n\n<div style=\"height:34px\" aria-hidden=\"true\" class=\"wp-block-spacer\"><\/div>\n\n\n\n<div class=\"wp-block-uagb-container uagb-block-05d121ce default uagb-is-root-container\">\n<div class=\"wp-block-uagb-container uagb-block-381aed2f\"><div class=\"wp-block-image is-style-default\">\n<figure class=\"aligncenter size-full\"><a href=\"https:\/\/eficonsulting.es\/wp-content\/uploads\/Sello-Homologacion-Fenage-2021-1-1.png\" data-src=\"https:\/\/eficonsulting.es\/wp-content\/uploads\/Sello-Homologacion-Fenage-2021-1-1.png\" data-thumb=\"http:\/\/eficonsulting.es\/wp-content\/uploads\/Sello-Homologacion-Fenage-2021-1-1.png\" class=\"ml-lightbox-enabled\"><img decoding=\"async\" width=\"500\" height=\"500\" src=\"http:\/\/eficonsulting.es\/wp-content\/uploads\/Sello-Homologacion-Fenage-2021-1-1.png\" alt=\"\" class=\"wp-image-142\" srcset=\"https:\/\/eficonsulting.es\/wp-content\/uploads\/Sello-Homologacion-Fenage-2021-1-1.png 500w, https:\/\/eficonsulting.es\/wp-content\/uploads\/Sello-Homologacion-Fenage-2021-1-1-300x300.png 300w, https:\/\/eficonsulting.es\/wp-content\/uploads\/Sello-Homologacion-Fenage-2021-1-1-100x100.png 100w, https:\/\/eficonsulting.es\/wp-content\/uploads\/Sello-Homologacion-Fenage-2021-1-1-150x150.png 150w\" sizes=\"(max-width: 500px) 100vw, 500px\" \/><\/a><\/figure>\n<\/div><\/div>\n\n\n\n<div class=\"wp-block-uagb-container uagb-block-0191604d\">\n<p><strong>\u00bfPor qu\u00e9 elegir a Eficonsulting?<\/strong><\/p>\n\n\n\n<p>At <strong>Eficonsulting<\/strong> llevamos m\u00e1s de <strong>10 a\u00f1os ayudando a empresas, comunidades y particulares<\/strong> a optimizar su consumo energ\u00e9tico, reducir costes y apostar por un modelo m\u00e1s sostenible.<\/p>\n\n\n\n<p><strong>Razones para confiar en nosotros:<\/strong><\/p>\n\n\n\n<ol class=\"wp-block-list\">\n<li><strong>Experiencia contrastada<\/strong><br>M\u00e1s de una d\u00e9cada trabajando en el sector energ\u00e9tico, con cientos de proyectos ejecutados en toda Espa\u00f1a.<\/li>\n\n\n\n<li><strong>Homologados por FENAGE<\/strong><br>Somos la <strong>\u00fanica asesor\u00eda y gestor\u00eda energ\u00e9tica de Ronda<\/strong> homologada por la Federaci\u00f3n Nacional de Gestores Energ\u00e9ticos, lo que garantiza calidad y rigor profesional.<\/li>\n\n\n\n<li><strong>Cobertura nacional<\/strong><br>Atendemos clientes en <strong>M\u00e1laga, Sevilla, C\u00e1diz, C\u00f3rdoba, Granada, Madrid, Valencia, Islas Canarias<\/strong> y muchas m\u00e1s provincias.<\/li>\n\n\n\n<li><strong>Soluciones a medida<\/strong><br>Cada cliente y cada instalaci\u00f3n es diferente. Dise\u00f1amos proyectos personalizados para que obtengas el m\u00e1ximo rendimiento y retorno de inversi\u00f3n.<\/li>\n\n\n\n<li><strong>Compromiso con la sostenibilidad<\/strong><br>Apostamos por la <strong>energ\u00eda solar<\/strong> y tecnolog\u00edas eficientes que reducen emisiones y fomentan el respeto al medio ambiente.<\/li>\n\n\n\n<li><strong>Atenci\u00f3n cercana y continua<\/strong><br>No solo instalamos o asesoramos: hacemos seguimiento de tus consumos, te informamos sobre ayudas y subvenciones, y te acompa\u00f1amos en todo el proceso.<\/li>\n<\/ol>\n<\/div>\n<\/div>\n\n\n\n<div style=\"height:34px\" aria-hidden=\"true\" class=\"wp-block-spacer\"><\/div>\n\n\n\n<div class=\"wp-block-uagb-container uagb-block-4c08e188 default uagb-is-root-container\">\n<div class=\"wp-block-uagb-container uagb-block-36de3b16\">\n<p><strong>Personal commitment<\/strong><\/p>\n\n\n\n<p class=\"translation-block\">At <strong>Eficonsulting<\/strong>, we work to optimize the energy consumption of our clients, guaranteeing the maximum reduction in energy costs and reducing the environmental impact. Each project we develop is designed to improve the efficiency of energy resources, helping to build a more sustainable future. Our team will accompany you every step of the process, ensuring that you will obtain a professional, reliable service adapted to your needs.<\/p>\n<\/div>\n\n\n\n<div class=\"wp-block-uagb-container uagb-block-bcbdb6a5\">\n<figure class=\"wp-block-gallery has-nested-images columns-default is-cropped wp-block-gallery-1 is-layout-flex wp-block-gallery-is-layout-flex\">\n<figure class=\"wp-block-image size-large\"><img decoding=\"async\" width=\"1024\" height=\"1024\" data-id=\"4150\" src=\"https:\/\/eficonsulting.es\/wp-content\/uploads\/WhatsApp-Image-2024-11-26-at-12.07.39.jpeg\" alt=\"\" class=\"wp-image-4150\" srcset=\"https:\/\/eficonsulting.es\/wp-content\/uploads\/WhatsApp-Image-2024-11-26-at-12.07.39.jpeg 1024w, https:\/\/eficonsulting.es\/wp-content\/uploads\/WhatsApp-Image-2024-11-26-at-12.07.39-300x300.jpeg 300w, https:\/\/eficonsulting.es\/wp-content\/uploads\/WhatsApp-Image-2024-11-26-at-12.07.39-100x100.jpeg 100w, https:\/\/eficonsulting.es\/wp-content\/uploads\/WhatsApp-Image-2024-11-26-at-12.07.39-600x600.jpeg 600w, https:\/\/eficonsulting.es\/wp-content\/uploads\/WhatsApp-Image-2024-11-26-at-12.07.39-150x150.jpeg 150w, https:\/\/eficonsulting.es\/wp-content\/uploads\/WhatsApp-Image-2024-11-26-at-12.07.39-768x768.jpeg 768w\" sizes=\"(max-width: 1024px) 100vw, 1024px\" \/><\/figure>\n<\/figure>\n<\/div>\n<\/div>\n\n\n\n<div style=\"height:34px\" aria-hidden=\"true\" class=\"wp-block-spacer\"><\/div>\n\n\n\n<div class=\"wp-block-uagb-container uagb-block-9a7ae0db default uagb-is-root-container\">\n<div class=\"wp-block-uagb-container uagb-block-1bd8f7b8\">\n<h2 class=\"wp-block-heading\"><strong>Conversations with energy: Jos\u00e9 Mar\u00eda Lacomba<\/strong><\/h2>\n\n\n\n<p>Today we share the talk we had with <strong>Jos\u00e9 Mar\u00eda Lacomba<\/strong> P\u00e9rez, CEO at <strong>EFICONSULTING<\/strong>.&nbsp;<strong>Jos\u00e9 Mar\u00eda Lacomba<\/strong> P\u00e9rez,&nbsp;CEO&nbsp;en&nbsp;<strong>EFICONSULTING<\/strong>.<\/p>\n\n\n\n<p>He has extensive experience in the energy efficiency sector and as a result of his knowledge, he has promoted and manages the first citizen energy community in Andalusia, the Serran\u00eda de Ronda Energ\u00eda Citizen Community of Energy, located in the Ronda and Campillos region ( M\u00e1laga) and whose objective is to promote a more sustainable energy model for its homes, SMEs, companies and institutions.<\/p>\n\n\n\n<a id=\"enlace\" href=\"https:\/\/www.fenage.com\/2022\/09\/26\/conversaciones-con-energia-jose-maria-lacomba\/\" target=\"_self\">Haz click aqu\u00ed para ver el art\u00edculo completo<\/a>\n<style>\n#enlace{\ntext-align: center;\n}\n<\/style>\n<\/div>\n\n\n\n<div class=\"wp-block-uagb-container uagb-block-fad6fee0\"><div class=\"wp-block-image\">\n<figure class=\"aligncenter size-full\"><a href=\"http:\/\/eficonsulting.es\/wp-content\/uploads\/DonJoseMariaLacomba.jpg\"><img decoding=\"async\" src=\"http:\/\/eficonsulting.es\/wp-content\/uploads\/DonJoseMariaLacomba.jpg\" alt=\"\"\/><\/a><figcaption class=\"wp-element-caption\"><a href=\"https:\/\/www.fenage.com\/2022\/09\/26\/conversaciones-con-energia-jose-maria-lacomba\/\" target=\"_blank\" rel=\"noreferrer noopener\">Click to see the full article<\/a><\/figcaption><\/figure>\n<\/div><\/div>\n<\/div>\n\n\n\n<div style=\"height:34px\" aria-hidden=\"true\" class=\"wp-block-spacer\"><\/div>","protected":false},"excerpt":{"rendered":"<p>Quienes Somos Eficonsulting: Expertos en Eficiencia Energ\u00e9tica con m\u00e1s de 10 A\u00f1os de Experiencia En Eficonsulting ayudamos a empresas, entidades p\u00fablicas y particulares a optimizar su consumo energ\u00e9tico mediante soluciones profesionales y sostenibles. Estamos homologados por FENAGE y contamos con una amplia trayectoria en el sector energ\u00e9tico. Cobertura nacional \u2013 Trabajamos en toda Espa\u00f1a Disponemos&#8230;<\/p>","protected":false},"author":1,"featured_media":0,"parent":0,"menu_order":0,"comment_status":"closed","ping_status":"closed","template":"","meta":{"_uag_custom_page_level_css":"","_kadence_starter_templates_imported_post":false,"_kad_post_transparent":"","_kad_post_title":"","_kad_post_layout":"","_kad_post_sidebar_id":"","_kad_post_content_style":"","_kad_post_vertical_padding":"","_kad_post_feature":"","_kad_post_feature_position":"","_kad_post_header":false,"_kad_post_footer":false,"_kad_post_classname":"","footnotes":""},"class_list":["post-1819","page","type-page","status-publish","hentry"],"aioseo_notices":[],"_hostinger_reach_plugin_has_subscription_block":false,"_hostinger_reach_plugin_is_elementor":false,"uagb_featured_image_src":{"full":false,"thumbnail":false,"medium":false,"medium_large":false,"large":false,"1536x1536":false,"2048x2048":false,"trp-custom-language-flag":false,"woocommerce_thumbnail":false,"woocommerce_single":false,"woocommerce_gallery_thumbnail":false},"uagb_author_info":{"display_name":"DesarrolladorLocal","author_link":"https:\/\/eficonsulting.es\/en\/author\/desarrolladorlocal\/"},"uagb_comment_info":0,"uagb_excerpt":"Quienes Somos Eficonsulting: Expertos en Eficiencia Energ\u00e9tica con m\u00e1s de 10 A\u00f1os de Experiencia En Eficonsulting ayudamos a empresas, entidades p\u00fablicas y particulares a optimizar su consumo energ\u00e9tico mediante soluciones profesionales y sostenibles. Estamos homologados por FENAGE y contamos con una amplia trayectoria en el sector energ\u00e9tico. Cobertura nacional \u2013 Trabajamos en toda Espa\u00f1a Disponemos...","_links":{"self":[{"href":"https:\/\/eficonsulting.es\/en\/wp-json\/wp\/v2\/pages\/1819","targetHints":{"allow":["GET"]}}],"collection":[{"href":"https:\/\/eficonsulting.es\/en\/wp-json\/wp\/v2\/pages"}],"about":[{"href":"https:\/\/eficonsulting.es\/en\/wp-json\/wp\/v2\/types\/page"}],"author":[{"embeddable":true,"href":"https:\/\/eficonsulting.es\/en\/wp-json\/wp\/v2\/users\/1"}],"replies":[{"embeddable":true,"href":"https:\/\/eficonsulting.es\/en\/wp-json\/wp\/v2\/comments?post=1819"}],"version-history":[{"count":51,"href":"https:\/\/eficonsulting.es\/en\/wp-json\/wp\/v2\/pages\/1819\/revisions"}],"predecessor-version":[{"id":4426,"href":"https:\/\/eficonsulting.es\/en\/wp-json\/wp\/v2\/pages\/1819\/revisions\/4426"}],"wp:attachment":[{"href":"https:\/\/eficonsulting.es\/en\/wp-json\/wp\/v2\/media?parent=1819"}],"curies":[{"name":"wp","href":"https:\/\/api.w.org\/{rel}","templated":true}]}}