{"id":1810,"date":"2023-04-24T17:20:12","date_gmt":"2023-04-24T15:20:12","guid":{"rendered":"http:\/\/eficonsulting.es\/?page_id=1810"},"modified":"2023-12-19T11:01:54","modified_gmt":"2023-12-19T10:01:54","slug":"gestoria-energetica","status":"publish","type":"page","link":"https:\/\/eficonsulting.es\/en\/gestoria-energetica\/","title":{"rendered":"Energy management"},"content":{"rendered":"<h1 class=\"wp-block-heading has-text-align-center\">Energy management<\/h1>\n\n\n\n<div class=\"wp-block-uagb-container uag-hide-mob uagb-block-ef63c114 default uagb-is-root-container\">\n<div class=\"wp-block-uagb-container uagb-block-a15aa0c2\">\n<h2 class=\"wp-block-heading\">Energy Management Services for Businesses and Homes<\/h2>\n\n\n\n<p class=\"translation-block\">Our energy management service is specialized in <strong>advising and managing all aspects related to energy consumption<\/strong> in any type of building or home. Its goal is to <strong>optimize energy use, reduce costs, and improve energy efficiency in the installations<\/strong>.<\/p>\n\n\n\n<p class=\"translation-block\">Among its services, an energy management company can offer the performance of <strong>energy audits<\/strong>, the preparation of <strong>technical-economic feasibility studies<\/strong>, the development of <strong>energy efficiency plans<\/strong>, <strong>management of contracts<\/strong> with energy suppliers, the installation of <strong>monitoring and consumption control systems<\/strong>, the <strong>identification and correction of consumption deviations<\/strong>, <strong>advice on supply contracts<\/strong>, <strong>management of subsidies and incentives<\/strong>, among others.<\/p>\n<\/div>\n\n\n\n<div class=\"wp-block-uagb-container uagb-block-3d23b914\"><div class=\"wp-block-image\">\n<figure class=\"aligncenter size-full\"><img decoding=\"async\" width=\"640\" height=\"424\" src=\"http:\/\/eficonsulting.es\/wp-content\/uploads\/financial-gb43c4129a_640.jpg\" alt=\"Gr\u00e1fico de barras. Concepto de gestor\u00eda energ\u00e9tica\" class=\"wp-image-250\" srcset=\"https:\/\/eficonsulting.es\/wp-content\/uploads\/financial-gb43c4129a_640.jpg 640w, https:\/\/eficonsulting.es\/wp-content\/uploads\/financial-gb43c4129a_640-600x398.jpg 600w\" sizes=\"(max-width: 640px) 100vw, 640px\" \/><\/figure>\n<\/div><\/div>\n<\/div>\n\n\n\n<div data-aos= \"fade\" data-aos-duration=\"400\" data-aos-delay=\"0\" data-aos-easing=\"ease\" data-aos-once=\"true\" class=\"wp-block-uagb-container uag-hide-desktop uag-hide-tab uagb-block-f7c49050 default uagb-is-root-container\">\n<h3 class=\"wp-block-heading\">Energy Management Services for Businesses and Homes<\/h3>\n\n\n\n<p class=\"translation-block\">Our energy management service is specialized in <strong>advising and managing all aspects related to energy consumption<\/strong> in any type of building or home. Its goal is to <strong>optimize energy use, reduce costs, and improve energy efficiency in the installations<\/strong>.<\/p>\n\n\n<div class=\"wp-block-image\">\n<figure class=\"aligncenter size-full is-resized\"><img decoding=\"async\" width=\"640\" height=\"424\" src=\"https:\/\/eficonsulting.es\/wp-content\/uploads\/financial-gb43c4129a_640.jpg\" alt=\"Reporte de negocio gr\u00e1fico de columnas y de l\u00edneas\" class=\"wp-image-250\" style=\"width:388px;height:auto\" srcset=\"https:\/\/eficonsulting.es\/wp-content\/uploads\/financial-gb43c4129a_640.jpg 640w, https:\/\/eficonsulting.es\/wp-content\/uploads\/financial-gb43c4129a_640-600x398.jpg 600w\" sizes=\"(max-width: 640px) 100vw, 640px\" \/><\/figure>\n<\/div>\n\n\n<p>Entre sus servicios, una gestor\u00eda energ\u00e9tica puede ofrecer la realizaci\u00f3n de <strong>auditor\u00edas energ\u00e9ticas<\/strong>, la elaboraci\u00f3n de <strong>estudios de viabilidad t\u00e9cnico-econ\u00f3mica<\/strong>. Tambi\u00e9n realizamos la elaboraci\u00f3n de <strong>planes de eficiencia energ\u00e9tica<\/strong>, la <strong>gesti\u00f3n de contratos<\/strong> con proveedores de energ\u00eda, la instalaci\u00f3n de sistemas de <strong>monitorizaci\u00f3n y control de consumos<\/strong>, la <strong>identificaci\u00f3n y correcci\u00f3n de desviaciones en los consumos<\/strong>, el <strong>asesoramiento en la contrataci\u00f3n de suministros<\/strong>, la <strong>gesti\u00f3n de subvenciones e incentivos<\/strong>, entre otros.<\/p>\n<\/div>\n\n\n\n<div style=\"height:30px\" aria-hidden=\"true\" class=\"wp-block-spacer\"><\/div>\n\n\n\n<div data-aos= \"fade\" data-aos-duration=\"400\" data-aos-delay=\"0\" data-aos-easing=\"ease\" data-aos-once=\"true\" class=\"wp-block-uagb-container uag-hide-mob uagb-block-efd940a1 default uagb-is-root-container\">\n<div class=\"wp-block-uagb-container uagb-block-9db9e36c\">\n<figure class=\"wp-block-image size-full\"><img decoding=\"async\" width=\"795\" height=\"602\" src=\"http:\/\/eficonsulting.es\/wp-content\/uploads\/DEDO-ENERGIA.jpg\" alt=\"Mano se\u00f1alando a un icono de encendido iluminado con los logotipos de Eficonsulting y de asesor energ\u00e9tico homologado FENAGE\" class=\"wp-image-1917\" srcset=\"https:\/\/eficonsulting.es\/wp-content\/uploads\/DEDO-ENERGIA.jpg 795w, https:\/\/eficonsulting.es\/wp-content\/uploads\/DEDO-ENERGIA-600x454.jpg 600w, https:\/\/eficonsulting.es\/wp-content\/uploads\/DEDO-ENERGIA-768x582.jpg 768w\" sizes=\"(max-width: 795px) 100vw, 795px\" \/><\/figure>\n<\/div>\n\n\n\n<div class=\"wp-block-uagb-container uagb-block-5bd0539c\">\n<h3 class=\"wp-block-heading\">Efficient solutions to optimize energy consumption<\/h3>\n\n\n\n<p class=\"translation-block\">We offer solutions to <strong>improve energy efficiency<\/strong> in <strong>installations<\/strong>, such as the installation of <strong>solar panels<\/strong>, more efficient <strong>air conditioning systems<\/strong>, <strong>LED<\/strong> lighting, among others. Additionally, they can handle the management of energy certifications, such as the energy efficiency certificate for buildings.<\/p>\n\n\n\n<p class=\"translation-block\">In summary, an energy management company is a business that focuses on analyzing and optimizing energy consumption in a building or home, with the goal of <strong>reducing energy costs and improving energy efficiency<\/strong>. The services they offer can vary widely and will depend on the needs of each client.<\/p>\n<\/div>\n<\/div>\n\n\n\n<div style=\"height:30px\" aria-hidden=\"true\" class=\"wp-block-spacer\"><\/div>\n\n\n\n<div data-aos= \"fade\" data-aos-duration=\"400\" data-aos-delay=\"0\" data-aos-easing=\"ease\" data-aos-once=\"true\" class=\"wp-block-uagb-container uag-hide-desktop uag-hide-tab uagb-block-c4cc50ad default uagb-is-root-container\">\n<h4 class=\"wp-block-heading\">Efficient solutions to optimize energy consumption<\/h4>\n\n\n\n<p class=\"translation-block\">We offer solutions to <strong>improve energy efficiency<\/strong> in <strong>installations<\/strong>, such as the installation of <strong>solar panels<\/strong>, more efficient <strong>air conditioning systems<\/strong>, <strong>LED<\/strong> lighting, among others. Additionally, they can handle the management of energy certifications, such as the energy efficiency certificate for buildings.<\/p>\n\n\n<div class=\"wp-block-image\">\n<figure class=\"aligncenter size-full is-resized\"><img decoding=\"async\" width=\"795\" height=\"602\" src=\"https:\/\/eficonsulting.es\/wp-content\/uploads\/DEDO-ENERGIA.jpg\" alt=\"Mano se\u00f1alando a un icono de encendido iluminado con los logotipos de Eficonsulting y de asesor energ\u00e9tico homologado FENAGE\" class=\"wp-image-1917\" style=\"width:330px;height:auto\" srcset=\"https:\/\/eficonsulting.es\/wp-content\/uploads\/DEDO-ENERGIA.jpg 795w, https:\/\/eficonsulting.es\/wp-content\/uploads\/DEDO-ENERGIA-600x454.jpg 600w, https:\/\/eficonsulting.es\/wp-content\/uploads\/DEDO-ENERGIA-768x582.jpg 768w\" sizes=\"(max-width: 795px) 100vw, 795px\" \/><\/figure>\n<\/div>\n\n\n<p class=\"translation-block\">In summary, an energy management company is a business that focuses on analyzing and optimizing energy consumption in a building or home, with the goal of <strong>reducing energy costs and improving energy efficiency<\/strong>. The services they offer can vary widely and will depend on the needs of each client.<\/p>\n<\/div>\n\n\n\n<div style=\"height:30px\" aria-hidden=\"true\" class=\"wp-block-spacer\"><\/div>\n\n\n\n<div class=\"wp-block-uagb-image aligncenter uagb-block-97cdf7d5 wp-block-uagb-image--layout-default wp-block-uagb-image--effect-static wp-block-uagb-image--align-center\"><figure class=\"wp-block-uagb-image__figure\"><a class=\"\" href=\"https:\/\/eficonsulting.es\/en\/\" target=\"\" rel=\"noopener\"><img decoding=\"async\" srcset=\"https:\/\/eficonsulting.es\/wp-content\/uploads\/Logo.png ,https:\/\/eficonsulting.es\/wp-content\/uploads\/Logo.png 780w, https:\/\/eficonsulting.es\/wp-content\/uploads\/Logo.png 360w\" sizes=\"auto, (max-width: 480px) 150px\" src=\"https:\/\/eficonsulting.es\/wp-content\/uploads\/Logo.png\" alt=\"Logotipo de Eficonsulting\" class=\"uag-image-1450\" width=\"387\" height=\"166\" title=\"\" loading=\"lazy\"\/><\/a><\/figure><\/div>\n\n\n\n<div style=\"height:30px\" aria-hidden=\"true\" class=\"wp-block-spacer\"><\/div>","protected":false},"excerpt":{"rendered":"<p>Gestor\u00eda Energ\u00e9tica Gestor\u00eda energ\u00e9tica para Empresas y Hogares Nuestra gestor\u00eda energ\u00e9tica est\u00e1 especializada en el asesoramiento y gesti\u00f3n de todos los aspectos relacionados con el consumo de energ\u00eda en cualquier tipo de edificio o vivienda. Su objetivo es optimizar el uso de la energ\u00eda, reducir los costos y mejorar la eficiencia energ\u00e9tica en las instalaciones&#8230;.<\/p>","protected":false},"author":1,"featured_media":0,"parent":0,"menu_order":0,"comment_status":"closed","ping_status":"closed","template":"","meta":{"_uag_custom_page_level_css":"","_kadence_starter_templates_imported_post":false,"_kad_post_transparent":"","_kad_post_title":"","_kad_post_layout":"","_kad_post_sidebar_id":"","_kad_post_content_style":"","_kad_post_vertical_padding":"","_kad_post_feature":"","_kad_post_feature_position":"","_kad_post_header":false,"_kad_post_footer":false,"_kad_post_classname":"","footnotes":""},"class_list":["post-1810","page","type-page","status-publish","hentry"],"aioseo_notices":[],"_hostinger_reach_plugin_has_subscription_block":false,"_hostinger_reach_plugin_is_elementor":false,"uagb_featured_image_src":{"full":false,"thumbnail":false,"medium":false,"medium_large":false,"large":false,"1536x1536":false,"2048x2048":false,"trp-custom-language-flag":false,"woocommerce_thumbnail":false,"woocommerce_single":false,"woocommerce_gallery_thumbnail":false},"uagb_author_info":{"display_name":"DesarrolladorLocal","author_link":"https:\/\/eficonsulting.es\/en\/author\/desarrolladorlocal\/"},"uagb_comment_info":0,"uagb_excerpt":"Gestor\u00eda Energ\u00e9tica Gestor\u00eda energ\u00e9tica para Empresas y Hogares Nuestra gestor\u00eda energ\u00e9tica est\u00e1 especializada en el asesoramiento y gesti\u00f3n de todos los aspectos relacionados con el consumo de energ\u00eda en cualquier tipo de edificio o vivienda. Su objetivo es optimizar el uso de la energ\u00eda, reducir los costos y mejorar la eficiencia energ\u00e9tica en las instalaciones....","_links":{"self":[{"href":"https:\/\/eficonsulting.es\/en\/wp-json\/wp\/v2\/pages\/1810","targetHints":{"allow":["GET"]}}],"collection":[{"href":"https:\/\/eficonsulting.es\/en\/wp-json\/wp\/v2\/pages"}],"about":[{"href":"https:\/\/eficonsulting.es\/en\/wp-json\/wp\/v2\/types\/page"}],"author":[{"embeddable":true,"href":"https:\/\/eficonsulting.es\/en\/wp-json\/wp\/v2\/users\/1"}],"replies":[{"embeddable":true,"href":"https:\/\/eficonsulting.es\/en\/wp-json\/wp\/v2\/comments?post=1810"}],"version-history":[{"count":22,"href":"https:\/\/eficonsulting.es\/en\/wp-json\/wp\/v2\/pages\/1810\/revisions"}],"predecessor-version":[{"id":3969,"href":"https:\/\/eficonsulting.es\/en\/wp-json\/wp\/v2\/pages\/1810\/revisions\/3969"}],"wp:attachment":[{"href":"https:\/\/eficonsulting.es\/en\/wp-json\/wp\/v2\/media?parent=1810"}],"curies":[{"name":"wp","href":"https:\/\/api.w.org\/{rel}","templated":true}]}}