{"id":15,"date":"2023-03-14T10:27:04","date_gmt":"2023-03-14T09:27:04","guid":{"rendered":"http:\/\/eficonsulting.es\/?page_id=15"},"modified":"2023-03-31T15:56:42","modified_gmt":"2023-03-31T13:56:42","slug":"politica-de-privacidad","status":"publish","type":"page","link":"https:\/\/eficonsulting.es\/en\/politica-de-privacidad\/","title":{"rendered":"Pol\u00edtica de privacidad"},"content":{"rendered":"\n<div style=\"height:100px\" aria-hidden=\"true\" class=\"wp-block-spacer\"><\/div>\n\n\n\n<div class=\"wp-block-uagb-container uagb-block-041198a4 alignfull uagb-is-root-container\"><div class=\"uagb-container-inner-blocks-wrap\">\n<h2 class=\"wp-block-heading has-theme-palette-9-background-color has-background\" id=\"prd\">Pol\u00edtica de Privacidad<\/h2>\n\n\n\n<p class=\"has-theme-palette-9-background-color has-background\">De acuerdo con el Reglamento UE 2016\/679 relativo a la protecci\u00f3n de las personas f\u00edsicas en lo que respecta al tratamiento de datos personales y a la libre circulaci\u00f3n de estos datos (RGPD) y la Ley Org\u00e1nica 3\/2018 de protecci\u00f3n de Datos Personales y Garant\u00eda de Derechos Digitales (LOPD-GDD), le informamos que los datos de contacto utilizados para la presente comunicaci\u00f3n est\u00e1n incluidos en un registro con la finalidad de posibilitar las comunicaciones a trav\u00e9s de correo electr\u00f3nico de Jos\u00e9 Maria Lacomba P\u00e9rez, en los distintos contactos que \u00e9sta mantiene dentro del ejercicio de su actividad (como clientes, asociados, proveedores o personal). La causa que legitima este tratamiento de datos es el consentimiento. Estos datos ser\u00e1n transmitidos a organismos p\u00fablicos, bancos, cajas de ahorro, cajas rurales y entidades privadas que prestan los servicios de asesoramiento laboral y fiscal. Los datos no ser\u00e1n transmitidos a terceros salvo autorizaci\u00f3n expresa u obligaci\u00f3n legal. Los datos proporcionados se conservar\u00e1n mientras se mantenga la relaci\u00f3n profesional o durante los a\u00f1os necesarios para cumplir con las obligaciones legales.<\/p>\n\n\n\n<p class=\"has-theme-palette-9-background-color has-background\">Sin perjuicio de ello se le informa de que usted podr\u00e1 ejercitar los derechos de acceso, rectificaci\u00f3n, supresi\u00f3n (derecho al olvido), limitaci\u00f3n en el tratamiento, portabilidad y oposici\u00f3n para lo cual puede dirigirse a la siguiente direcci\u00f3n: Calle Infante, 22 Bajo, 29400 RONDA (M\u00e1laga), adjuntando una fotocopia de su DNI, o a trav\u00e9s de la direcci\u00f3n de correo electr\u00f3nico: info@eficonsulting.es<\/p>\n\n\n\n<h2 class=\"wp-block-heading has-theme-palette-9-background-color has-background\" id=\"cookies\">Informaci\u00f3n sobre el uso de Cookies<\/h2>\n\n\n\n<p class=\"has-theme-palette-9-background-color has-background\">Las cookies son unos peque\u00f1os archivos que se generan y se almacenan en su dispositivo cuando usted visita una web para almacenar ciertas informaciones y permitir que la p\u00e1gina le reconozca en pr\u00f3ximas visitas.<\/p>\n\n\n\n<p class=\"has-theme-palette-9-background-color has-background\">Las cookies son unos peque\u00f1os archivos que se generan y se almacenan en su dispositivo cuando usted visita una web para almacenar ciertas informaciones y permitir que la p\u00e1gina le reconozca en pr\u00f3ximas visitas.<\/p>\n\n\n\n<p class=\"has-theme-palette-9-background-color has-background\">Atendiendo a la Ley de Servicios de la Sociedad de la Informaci\u00f3n (LSSI), le informamos de que este sitio web utiliza cookies de Google Analytics para realizar estadisticas de visitas a la web. As\u00ed mismo, los botones \u00abMe Gusta\u00bb de conexi\u00f3n con las redes sociales pueden insertar cookies de estas terceras empresas. Para m\u00e1s informaci\u00f3n sobre la pol\u00edtica de cookies de estas organizaciones por favor dir\u00edjase al apartado de informaci\u00f3n sobre cookies de cada p\u00e1gina.<\/p>\n\n\n\n<p class=\"has-theme-palette-9-background-color has-background\">Las cookies no da\u00f1ar\u00e1n su equipo de ninguna forma, puede borrarlas en cualquier momento eliminando los datos de navegaci\u00f3n o navegando de forma an\u00f3nima.<\/p>\n\n\n\n<p class=\"has-theme-palette-9-background-color has-background\">Si no esta conforme con el uso de cookies debe implementar en su navegador los medios t\u00e9cnicos para bloquearlas, o bien abandonar esta p\u00e1gina.<\/p>\n\n\n\n<h2 class=\"wp-block-heading has-theme-palette-9-background-color has-background\">Propiedad intelectual<\/h2>\n\n\n\n<p class=\"has-theme-palette-9-background-color has-background\">Los derechos de propiedad intelectual e industrial de todos los textos, im\u00e1genes, dise\u00f1os, marcas y logotipos pertenecen, por s\u00ed o como cesionaria, a Jos\u00e9 Mar\u00eda Lacomba P\u00e9rez y ser\u00e1n, por consiguiente, obras protegidas como propiedad intelectual por el ordenamiento jur\u00eddico espa\u00f1ol, si\u00e9ndoles aplicables tanto la normativa espa\u00f1ola y comunitaria en este campo, como los tratados internacionales relativos a la materia y suscritos por Espa\u00f1a.<\/p>\n\n\n\n<p class=\"has-theme-palette-9-background-color has-background\">Todos los derechos estan reservados. En cumplimiento de la Ley de la Propiedad Intelectual se proh\u00edbe expresamente la reproducci\u00f3n, distribuci\u00f3n, comunicaci\u00f3n p\u00fablica y utilizaci\u00f3n, de la totalidad o parte de los contenidos de su p\u00e1gina web sin el consentimiento expreso y por escrito de Jos\u00e9 Mar\u00eda Lacomba P\u00e9rez<\/p>\n\n\n\n<h2 class=\"wp-block-heading has-theme-palette-9-background-color has-background\">Exenci\u00f3n de responsabilidad sobre enlaces<\/h2>\n\n\n\n<p class=\"has-theme-palette-9-background-color has-background\">Jos\u00e9 Mar\u00eda Lacomba P\u00e9rez no se hace responsable del contenido de las p\u00e1ginas web a las que el usuario pueda acceder a trav\u00e9s de los enlaces situados en este sitio web, y declara que en ning\u00fan caso proceder\u00e1 a examinar o ejercitar ning\u00fan tipo de control sobre el contenido de otras p\u00e1ginas de la red. Asimismo, tampoco garantizar\u00e1 la disponibilidad t\u00e9cnica, exactitud, veracidad, validez o legalidad de p\u00e1ginas ajenas a su propiedad a las que se pueda acceder por medio de los citados enlaces.<\/p>\n\n\n\n<p class=\"has-theme-palette-9-background-color has-background\">Jos\u00e9 Mar\u00eda Lacomba P\u00e9rez declara haber tomado todas las medidas necesarias para evitar cualquier da\u00f1o que pudiera derivarse a sus usuarios de la navegaci\u00f3n por esta p\u00e1gina web. En consecuencia, Jos\u00e9 Mar\u00eda Lacomba P\u00e9rez no se hace responsable en ning\u00fan caso de los eventuales da\u00f1os que por la navegaci\u00f3n por Internet pudiera sufrir el usuario.<\/p>\n\n\n\n<h2 class=\"wp-block-heading has-theme-palette-9-background-color has-background\">Acciones legales, legislaci\u00f3n aplicable y jurisdicci\u00f3n<\/h2>\n\n\n\n<p class=\"has-theme-palette-9-background-color has-background\">Jos\u00e9 Mar\u00eda Lacomba P\u00e9rez se reserva asimismo la facultad de presentar las acciones civiles o penales que considere oportunas por la utilizaci\u00f3n indebida de su p\u00e1gina web y contenidos o por el incumplimiento de las presentes condiciones.<\/p>\n\n\n\n<p class=\"has-theme-palette-9-background-color has-background\">La relaci\u00f3n entre el usuario y Jos\u00e9 Mar\u00eda Lacomba P\u00e9rez se regir\u00e1 por la normativa espa\u00f1ola vigente y ser\u00e1n competentes para decidir sobre cualquier controversia que se pudiera suscitar entre el usuario y Jos\u00e9 Mar\u00eda Lacomba P\u00e9rez, los juzgados o tribunales propios de la ciudad de Ronda.<\/p>\n<\/div><\/div>\n\n\n<noscript class=\"ninja-forms-noscript-message\">\n\tNotice: JavaScript is required for this content.<\/noscript>\nNo Fields Found.<div id=\"nf-form-2-cont\" class=\"nf-form-cont\" aria-live=\"polite\" aria-labelledby=\"nf-form-title-2\" aria-describedby=\"nf-form-errors-2\" role=\"form\">\n\n    <div class=\"nf-loading-spinner\"><\/div>\n\n<\/div>\n        <!-- That data is being printed as a workaround to page builders reordering the order of the scripts loaded-->\n        <script>var formDisplay=1;var nfForms=nfForms||[];var form=[];form.id='2';form.settings={\"ninjaForms\":\"Ninja Forms\",\"changeEmailErrorMsg\":\"Please enter a valid email address!\",\"changeDateErrorMsg\":\"Please enter a valid date!\",\"confirmFieldErrorMsg\":\"These fields must match!\",\"fieldNumberNumMinError\":\"Number Min Error\",\"fieldNumberNumMaxError\":\"Number Max Error\",\"fieldNumberIncrementBy\":\"Please increment by \",\"fieldTextareaRTEInsertLink\":\"Insert Link\",\"fieldTextareaRTEInsertMedia\":\"Insert Media\",\"fieldTextareaRTESelectAFile\":\"Select a file\",\"tableInsertRowAbove\":\"Insert Row Above\",\"tableInsertRowBelow\":\"Insert Row Below\",\"tableInsertColumnLeft\":\"Insert Column Left\",\"tableInsertColumnRight\":\"Insert Column Right\",\"tableDeleteRow\":\"Delete Row\",\"tableDeleteColumn\":\"Delete Column\",\"tableDeleteTable\":\"Delete Table\",\"tableLegacyNotice\":\"This content has tables in the old editor format. Custom styles are preserved until converted. Editing will update to the new format.\",\"tableLegacyConvert\":\"Convert Now\",\"tableInsertTable\":\"Insert Table\",\"dismiss\":\"Dismiss\",\"insertLink\":\"Insert Link\",\"formErrorsCorrectErrors\":\"Please correct errors before submitting this form.\",\"formHoneypot\":\"If you are a human seeing this field, please leave it empty.\",\"validateRequiredField\":\"This is a required field.\",\"honeypotHoneypotError\":\"Honeypot Error\",\"fileUploadOldCodeFileUploadInProgress\":\"File Upload in Progress.\",\"fileUploadOldCodeFileUpload\":\"FILE UPLOAD\",\"currencySymbol\":false,\"fieldsMarkedRequired\":\"Fields marked with an <span class=\\\"ninja-forms-req-symbol\\\">*<\\\/span> are required\",\"thousands_sep\":\",\",\"decimal_point\":\".\",\"siteLocale\":\"en_GB\",\"dateFormat\":\"m\\\/d\\\/Y\",\"startOfWeek\":\"1\",\"of\":\"of\",\"previousMonth\":\"Previous Month\",\"nextMonth\":\"Next Month\",\"months\":[\"January\",\"February\",\"March\",\"April\",\"May\",\"June\",\"July\",\"August\",\"September\",\"October\",\"November\",\"December\"],\"monthsShort\":[\"Jan\",\"Feb\",\"Mar\",\"Apr\",\"May\",\"Jun\",\"Jul\",\"Aug\",\"Sep\",\"Oct\",\"Nov\",\"Dec\"],\"weekdays\":[\"Sunday\",\"Monday\",\"Tuesday\",\"Wednesday\",\"Thursday\",\"Friday\",\"Saturday\"],\"weekdaysShort\":[\"Sun\",\"Mon\",\"Tue\",\"Wed\",\"Thu\",\"Fri\",\"Sat\"],\"weekdaysMin\":[\"Su\",\"Mo\",\"Tu\",\"We\",\"Th\",\"Fr\",\"Sa\"],\"recaptchaConsentMissing\":\"reCaptcha validation couldn&#039;t load.\",\"recaptchaMissingCookie\":\"reCaptcha v3 validation couldn&#039;t load the cookie needed to submit the form.\",\"recaptchaConsentEvent\":\"Accept reCaptcha cookies before sending the form.\",\"embed_form\":\"\",\"currency_symbol\":\"\",\"title\":\"\",\"beforeForm\":\"\",\"beforeFields\":\"\",\"afterFields\":\"\",\"afterForm\":\"\"};form.fields=[];nfForms.push(form);<\/script>\n        ","protected":false},"excerpt":{"rendered":"<p>Pol\u00edtica de Privacidad De acuerdo con el Reglamento UE 2016\/679 relativo a la protecci\u00f3n de las personas f\u00edsicas en lo que respecta al tratamiento de datos personales y a la libre circulaci\u00f3n de estos datos (RGPD) y la Ley Org\u00e1nica 3\/2018 de protecci\u00f3n de Datos Personales y Garant\u00eda de Derechos Digitales (LOPD-GDD), le informamos que&#8230;<\/p>","protected":false},"author":1,"featured_media":0,"parent":0,"menu_order":0,"comment_status":"closed","ping_status":"closed","template":"","meta":{"_uag_custom_page_level_css":"","_kadence_starter_templates_imported_post":false,"_kad_post_transparent":"","_kad_post_title":"","_kad_post_layout":"","_kad_post_sidebar_id":"","_kad_post_content_style":"","_kad_post_vertical_padding":"","_kad_post_feature":"","_kad_post_feature_position":"","_kad_post_header":false,"_kad_post_footer":false,"_kad_post_classname":"","footnotes":""},"class_list":["post-15","page","type-page","status-publish","hentry"],"aioseo_notices":[],"_hostinger_reach_plugin_has_subscription_block":false,"_hostinger_reach_plugin_is_elementor":false,"uagb_featured_image_src":{"full":false,"thumbnail":false,"medium":false,"medium_large":false,"large":false,"1536x1536":false,"2048x2048":false,"trp-custom-language-flag":false,"woocommerce_thumbnail":false,"woocommerce_single":false,"woocommerce_gallery_thumbnail":false},"uagb_author_info":{"display_name":"DesarrolladorLocal","author_link":"https:\/\/eficonsulting.es\/en\/author\/desarrolladorlocal\/"},"uagb_comment_info":0,"uagb_excerpt":"Pol\u00edtica de Privacidad De acuerdo con el Reglamento UE 2016\/679 relativo a la protecci\u00f3n de las personas f\u00edsicas en lo que respecta al tratamiento de datos personales y a la libre circulaci\u00f3n de estos datos (RGPD) y la Ley Org\u00e1nica 3\/2018 de protecci\u00f3n de Datos Personales y Garant\u00eda de Derechos Digitales (LOPD-GDD), le informamos que...","_links":{"self":[{"href":"https:\/\/eficonsulting.es\/en\/wp-json\/wp\/v2\/pages\/15","targetHints":{"allow":["GET"]}}],"collection":[{"href":"https:\/\/eficonsulting.es\/en\/wp-json\/wp\/v2\/pages"}],"about":[{"href":"https:\/\/eficonsulting.es\/en\/wp-json\/wp\/v2\/types\/page"}],"author":[{"embeddable":true,"href":"https:\/\/eficonsulting.es\/en\/wp-json\/wp\/v2\/users\/1"}],"replies":[{"embeddable":true,"href":"https:\/\/eficonsulting.es\/en\/wp-json\/wp\/v2\/comments?post=15"}],"version-history":[{"count":12,"href":"https:\/\/eficonsulting.es\/en\/wp-json\/wp\/v2\/pages\/15\/revisions"}],"predecessor-version":[{"id":1602,"href":"https:\/\/eficonsulting.es\/en\/wp-json\/wp\/v2\/pages\/15\/revisions\/1602"}],"wp:attachment":[{"href":"https:\/\/eficonsulting.es\/en\/wp-json\/wp\/v2\/media?parent=15"}],"curies":[{"name":"wp","href":"https:\/\/api.w.org\/{rel}","templated":true}]}}